{"id":8511,"date":"2018-07-20T09:52:32","date_gmt":"2018-07-20T07:52:32","guid":{"rendered":"https:\/\/ofsummersnow.ch\/portee-a\/"},"modified":"2019-09-30T16:06:46","modified_gmt":"2019-09-30T14:06:46","slug":"portee-a","status":"publish","type":"page","link":"https:\/\/ofsummersnow.ch\/fr\/portee-a\/","title":{"rendered":"Port\u00e9e A"},"content":{"rendered":"<div id='av_section_1'  class='avia-section av-7pc1rk-f6f8eecfc8ad224e6915af63f0b04e97 main_color avia-section-default avia-no-shadow  avia-builder-el-0  avia-builder-el-no-sibling  avia-bg-style-scroll container_wrap fullsize'  ><div class='container av-section-cont-open' ><main  role=\"main\" itemprop=\"mainContentOfPage\"  class='template-page content  av-content-full alpha units'><div class='post-entry post-entry-type-page post-entry-8511'><div class='entry-content-wrapper clearfix'>\n\n<style type=\"text\/css\" data-created_by=\"avia_inline_auto\" id=\"style-css-av-2gjrh3-f823aa8ae751c0adb280910e2cb0a7d5\">\n#top .av-special-heading.av-2gjrh3-f823aa8ae751c0adb280910e2cb0a7d5{\npadding-bottom:10px;\n}\nbody .av-special-heading.av-2gjrh3-f823aa8ae751c0adb280910e2cb0a7d5 .av-special-heading-tag .heading-char{\nfont-size:25px;\n}\n.av-special-heading.av-2gjrh3-f823aa8ae751c0adb280910e2cb0a7d5 .av-subheading{\nfont-size:15px;\n}\n<\/style>\n<div  class='av-special-heading av-2gjrh3-f823aa8ae751c0adb280910e2cb0a7d5 av-special-heading-h3  avia-builder-el-1  el_before_av_textblock  avia-builder-el-first '><h3 class='av-special-heading-tag '  itemprop=\"headline\"  >Port\u00e9e A<\/h3><div class=\"special-heading-border\"><div class=\"special-heading-inner-border\"><\/div><\/div><\/div>\n<section  class='av_textblock_section av-4g2xw0-4ec19d185441cbfe2cb282a35c957f9d '   itemscope=\"itemscope\" itemtype=\"https:\/\/schema.org\/CreativeWork\" ><div class='avia_textblock'  itemprop=\"text\" ><p><strong>Naissance de la port\u00e9e<\/strong>: 13.04.2015<\/p>\n<p>La port\u00e9e A a vu la lumi\u00e8re du jour le\u00a0 13.04.2015. Deux m\u00e2les et 4 femelles en sont issus. Parmi ceux-ci \u00abAshley of Summer Snow\u00bb, une magnifique femelle, est rest\u00e9e chez nous. C\u00f4t\u00e9 beaut\u00e9, elle concurrence s\u00e9rieusement sa g\u00e9nitrice.<\/p>\n<\/div><\/section>\n<div id='av-masonry-1' class='av-masonry av-20yd80-3d7595e39251456a1d7d856521e7f125 noHover av-fixed-size av-large-gap av-hover-overlay-active av-masonry-animation-active av-masonry-col-3 av-caption-always av-caption-style- av-masonry-gallery ' data-post_id=\"8511\"><div class=\"av-masonry-container isotope av-js-disabled\"><div class='av-masonry-entry isotope-item av-masonry-item-no-image '><\/div><a href=\"https:\/\/ofsummersnow.ch\/wp-content\/uploads\/2017\/06\/image-5-768x1024.jpeg\"  aria-label=\"image Aston\"  id='av-masonry-1-item-8800' data-av-masonry-item='8800' class='av-masonry-entry isotope-item post-8800 attachment type-attachment status-inherit hentry  av-masonry-item-with-image' title=\"Aston\" alt=\"\"    itemprop=\"thumbnailUrl\" ><div class='av-inner-masonry-sizer'><\/div><figure class='av-inner-masonry main_color'><div class=\"av-masonry-outerimage-container\"><div class='av-masonry-image-container' style=\"background-image: url(https:\/\/ofsummersnow.ch\/wp-content\/uploads\/2017\/06\/image-5-e1497007723589.jpeg);\"  title=\"Aston\" ><\/div><\/div><figcaption class='av-inner-masonry-content site-background'><div class='av-inner-masonry-content-pos'><div class='av-inner-masonry-content-pos-content'><div class='avia-arrow'><\/div><h3 class='av-masonry-entry-title entry-title '  itemprop=\"headline\" >Aston<\/h3><\/div><\/div><\/figcaption><\/figure><\/a><!--end av-masonry entry--><a href=\"https:\/\/ofsummersnow.ch\/wp-content\/uploads\/2017\/06\/image-6-1024x768.jpeg\" data-srcset=\"https:\/\/ofsummersnow.ch\/wp-content\/uploads\/2017\/06\/image-6-1024x768.jpeg 1024w, https:\/\/ofsummersnow.ch\/wp-content\/uploads\/2017\/06\/image-6-300x225.jpeg 300w, https:\/\/ofsummersnow.ch\/wp-content\/uploads\/2017\/06\/image-6-768x576.jpeg 768w, https:\/\/ofsummersnow.ch\/wp-content\/uploads\/2017\/06\/image-6-200x150.jpeg 200w, https:\/\/ofsummersnow.ch\/wp-content\/uploads\/2017\/06\/image-6.jpeg 1280w\" data-sizes=\"(max-width: 1024px) 100vw, 1024px\"  aria-label=\"image Avril\"  id='av-masonry-1-item-8801' data-av-masonry-item='8801' class='av-masonry-entry isotope-item post-8801 attachment type-attachment status-inherit hentry  av-masonry-item-with-image' title=\"Avril\" alt=\"\"    itemprop=\"thumbnailUrl\" ><div class='av-inner-masonry-sizer'><\/div><figure class='av-inner-masonry main_color'><div class=\"av-masonry-outerimage-container\"><div class='av-masonry-image-container' style=\"background-image: url(https:\/\/ofsummersnow.ch\/wp-content\/uploads\/2017\/06\/image-6.jpeg);\"  title=\"Avril\" ><\/div><\/div><figcaption class='av-inner-masonry-content site-background'><div class='av-inner-masonry-content-pos'><div class='av-inner-masonry-content-pos-content'><div class='avia-arrow'><\/div><h3 class='av-masonry-entry-title entry-title '  itemprop=\"headline\" >Avril<\/h3><\/div><\/div><\/figcaption><\/figure><\/a><!--end av-masonry entry--><a href=\"https:\/\/ofsummersnow.ch\/wp-content\/uploads\/2017\/06\/image-4-1024x768.jpeg\" data-srcset=\"https:\/\/ofsummersnow.ch\/wp-content\/uploads\/2017\/06\/image-4-1024x768.jpeg 1024w, https:\/\/ofsummersnow.ch\/wp-content\/uploads\/2017\/06\/image-4-300x225.jpeg 300w, https:\/\/ofsummersnow.ch\/wp-content\/uploads\/2017\/06\/image-4-768x576.jpeg 768w, https:\/\/ofsummersnow.ch\/wp-content\/uploads\/2017\/06\/image-4-200x150.jpeg 200w, https:\/\/ofsummersnow.ch\/wp-content\/uploads\/2017\/06\/image-4.jpeg 1280w\" data-sizes=\"(max-width: 1024px) 100vw, 1024px\"  aria-label=\"image Meine Ashley\"  id='av-masonry-1-item-8799' data-av-masonry-item='8799' class='av-masonry-entry isotope-item post-8799 attachment type-attachment status-inherit hentry  av-masonry-item-with-image' title=\"Meine Ashley\" alt=\"\"    itemprop=\"thumbnailUrl\" ><div class='av-inner-masonry-sizer'><\/div><figure class='av-inner-masonry main_color'><div class=\"av-masonry-outerimage-container\"><div class='av-masonry-image-container' style=\"background-image: url(https:\/\/ofsummersnow.ch\/wp-content\/uploads\/2017\/06\/image-4.jpeg);\"  title=\"Meine Ashley\" ><\/div><\/div><figcaption class='av-inner-masonry-content site-background'><div class='av-inner-masonry-content-pos'><div class='av-inner-masonry-content-pos-content'><div class='avia-arrow'><\/div><h3 class='av-masonry-entry-title entry-title '  itemprop=\"headline\" >Meine Ashley<\/h3><\/div><\/div><\/figcaption><\/figure><\/a><!--end av-masonry entry--><a href=\"https:\/\/ofsummersnow.ch\/wp-content\/uploads\/2017\/06\/image-3-1024x768.jpeg\" data-srcset=\"https:\/\/ofsummersnow.ch\/wp-content\/uploads\/2017\/06\/image-3-1024x768.jpeg 1024w, https:\/\/ofsummersnow.ch\/wp-content\/uploads\/2017\/06\/image-3-300x225.jpeg 300w, https:\/\/ofsummersnow.ch\/wp-content\/uploads\/2017\/06\/image-3-768x576.jpeg 768w, https:\/\/ofsummersnow.ch\/wp-content\/uploads\/2017\/06\/image-3-200x150.jpeg 200w, https:\/\/ofsummersnow.ch\/wp-content\/uploads\/2017\/06\/image-3.jpeg 1280w\" data-sizes=\"(max-width: 1024px) 100vw, 1024px\"  aria-label=\"image Astuce\"  id='av-masonry-1-item-8798' data-av-masonry-item='8798' class='av-masonry-entry isotope-item post-8798 attachment type-attachment status-inherit hentry  av-masonry-item-with-image' title=\"Astuce\" alt=\"\"    itemprop=\"thumbnailUrl\" ><div class='av-inner-masonry-sizer'><\/div><figure class='av-inner-masonry main_color'><div class=\"av-masonry-outerimage-container\"><div class='av-masonry-image-container' style=\"background-image: url(https:\/\/ofsummersnow.ch\/wp-content\/uploads\/2017\/06\/image-3.jpeg);\"  title=\"Astuce\" ><\/div><\/div><figcaption class='av-inner-masonry-content site-background'><div class='av-inner-masonry-content-pos'><div class='av-inner-masonry-content-pos-content'><div class='avia-arrow'><\/div><h3 class='av-masonry-entry-title entry-title '  itemprop=\"headline\" >Astuce<\/h3><\/div><\/div><\/figcaption><\/figure><\/a><!--end av-masonry entry--><a href=\"https:\/\/ofsummersnow.ch\/wp-content\/uploads\/2017\/06\/image-2-1024x768.jpeg\" data-srcset=\"https:\/\/ofsummersnow.ch\/wp-content\/uploads\/2017\/06\/image-2-1024x768.jpeg 1024w, https:\/\/ofsummersnow.ch\/wp-content\/uploads\/2017\/06\/image-2-300x225.jpeg 300w, https:\/\/ofsummersnow.ch\/wp-content\/uploads\/2017\/06\/image-2-768x576.jpeg 768w, https:\/\/ofsummersnow.ch\/wp-content\/uploads\/2017\/06\/image-2-200x150.jpeg 200w, https:\/\/ofsummersnow.ch\/wp-content\/uploads\/2017\/06\/image-2.jpeg 1280w\" data-sizes=\"(max-width: 1024px) 100vw, 1024px\"  aria-label=\"image Asa\"  id='av-masonry-1-item-8797' data-av-masonry-item='8797' class='av-masonry-entry isotope-item post-8797 attachment type-attachment status-inherit hentry  av-masonry-item-with-image' title=\"Asa\" alt=\"\"    itemprop=\"thumbnailUrl\" ><div class='av-inner-masonry-sizer'><\/div><figure class='av-inner-masonry main_color'><div class=\"av-masonry-outerimage-container\"><div class='av-masonry-image-container' style=\"background-image: url(https:\/\/ofsummersnow.ch\/wp-content\/uploads\/2017\/06\/image-2.jpeg);\"  title=\"Asa\" ><\/div><\/div><figcaption class='av-inner-masonry-content site-background'><div class='av-inner-masonry-content-pos'><div class='av-inner-masonry-content-pos-content'><div class='avia-arrow'><\/div><h3 class='av-masonry-entry-title entry-title '  itemprop=\"headline\" >Asa<\/h3><\/div><\/div><\/figcaption><\/figure><\/a><!--end av-masonry entry--><a href=\"https:\/\/ofsummersnow.ch\/wp-content\/uploads\/2017\/06\/image-1-1024x768.jpeg\" data-srcset=\"https:\/\/ofsummersnow.ch\/wp-content\/uploads\/2017\/06\/image-1-1024x768.jpeg 1024w, https:\/\/ofsummersnow.ch\/wp-content\/uploads\/2017\/06\/image-1-300x225.jpeg 300w, https:\/\/ofsummersnow.ch\/wp-content\/uploads\/2017\/06\/image-1-768x576.jpeg 768w, https:\/\/ofsummersnow.ch\/wp-content\/uploads\/2017\/06\/image-1-200x150.jpeg 200w, https:\/\/ofsummersnow.ch\/wp-content\/uploads\/2017\/06\/image-1.jpeg 1280w\" data-sizes=\"(max-width: 1024px) 100vw, 1024px\"  aria-label=\"image Aris\"  id='av-masonry-1-item-8796' data-av-masonry-item='8796' class='av-masonry-entry isotope-item post-8796 attachment type-attachment status-inherit hentry  av-masonry-item-with-image' title=\"Aris\" alt=\"\"    itemprop=\"thumbnailUrl\" ><div class='av-inner-masonry-sizer'><\/div><figure class='av-inner-masonry main_color'><div class=\"av-masonry-outerimage-container\"><div class='av-masonry-image-container' style=\"background-image: url(https:\/\/ofsummersnow.ch\/wp-content\/uploads\/2017\/06\/image-1.jpeg);\"  title=\"Aris\" ><\/div><\/div><figcaption class='av-inner-masonry-content site-background'><div class='av-inner-masonry-content-pos'><div class='av-inner-masonry-content-pos-content'><div class='avia-arrow'><\/div><h3 class='av-masonry-entry-title entry-title '  itemprop=\"headline\" >Aris<\/h3><\/div><\/div><\/figcaption><\/figure><\/a><!--end av-masonry entry--><\/div><\/div>\n\n","protected":false},"excerpt":{"rendered":"","protected":false},"author":1,"featured_media":0,"parent":0,"menu_order":0,"comment_status":"closed","ping_status":"closed","template":"","meta":{"footnotes":""},"class_list":["post-8511","page","type-page","status-publish","hentry"],"yoast_head":"<!-- This site is optimized with the Yoast SEO plugin v27.4 - https:\/\/yoast.com\/product\/yoast-seo-wordpress\/ -->\n<title>Port\u00e9e A - &quot;of Summer Snow&quot;<\/title>\n<meta name=\"robots\" content=\"index, follow, max-snippet:-1, max-image-preview:large, max-video-preview:-1\" \/>\n<link rel=\"canonical\" href=\"https:\/\/ofsummersnow.ch\/fr\/portee-a\/\" \/>\n<meta property=\"og:locale\" content=\"fr_FR\" \/>\n<meta property=\"og:type\" content=\"article\" \/>\n<meta property=\"og:title\" content=\"Port\u00e9e A - &quot;of Summer Snow&quot;\" \/>\n<meta property=\"og:url\" content=\"https:\/\/ofsummersnow.ch\/fr\/portee-a\/\" \/>\n<meta property=\"og:site_name\" content=\"&quot;of Summer Snow&quot;\" \/>\n<meta property=\"article:publisher\" content=\"http:\/\/de-de.facebook.com\/eliane.althausmarti\/\" \/>\n<meta property=\"article:modified_time\" content=\"2019-09-30T14:06:46+00:00\" \/>\n<meta name=\"twitter:card\" content=\"summary_large_image\" \/>\n<meta name=\"twitter:label1\" content=\"Dur\u00e9e de lecture estim\u00e9e\" \/>\n\t<meta name=\"twitter:data1\" content=\"2 minutes\" \/>\n<script type=\"application\/ld+json\" class=\"yoast-schema-graph\">{\"@context\":\"https:\\\/\\\/schema.org\",\"@graph\":[{\"@type\":\"WebPage\",\"@id\":\"https:\\\/\\\/ofsummersnow.ch\\\/fr\\\/portee-a\\\/\",\"url\":\"https:\\\/\\\/ofsummersnow.ch\\\/fr\\\/portee-a\\\/\",\"name\":\"Port\u00e9e A - &quot;of Summer Snow&quot;\",\"isPartOf\":{\"@id\":\"https:\\\/\\\/ofsummersnow.ch\\\/fr\\\/#website\"},\"datePublished\":\"2018-07-20T07:52:32+00:00\",\"dateModified\":\"2019-09-30T14:06:46+00:00\",\"breadcrumb\":{\"@id\":\"https:\\\/\\\/ofsummersnow.ch\\\/fr\\\/portee-a\\\/#breadcrumb\"},\"inLanguage\":\"fr-FR\",\"potentialAction\":[{\"@type\":\"ReadAction\",\"target\":[\"https:\\\/\\\/ofsummersnow.ch\\\/fr\\\/portee-a\\\/\"]}]},{\"@type\":\"BreadcrumbList\",\"@id\":\"https:\\\/\\\/ofsummersnow.ch\\\/fr\\\/portee-a\\\/#breadcrumb\",\"itemListElement\":[{\"@type\":\"ListItem\",\"position\":1,\"name\":\"Home\",\"item\":\"https:\\\/\\\/ofsummersnow.ch\\\/fr\\\/home\\\/\"},{\"@type\":\"ListItem\",\"position\":2,\"name\":\"Port\u00e9e A\"}]},{\"@type\":\"WebSite\",\"@id\":\"https:\\\/\\\/ofsummersnow.ch\\\/fr\\\/#website\",\"url\":\"https:\\\/\\\/ofsummersnow.ch\\\/fr\\\/\",\"name\":\"&quot;of Summer Snow&quot;\",\"description\":\"Parson Russel Terrier-Zucht\",\"publisher\":{\"@id\":\"https:\\\/\\\/ofsummersnow.ch\\\/fr\\\/#organization\"},\"potentialAction\":[{\"@type\":\"SearchAction\",\"target\":{\"@type\":\"EntryPoint\",\"urlTemplate\":\"https:\\\/\\\/ofsummersnow.ch\\\/fr\\\/?s={search_term_string}\"},\"query-input\":{\"@type\":\"PropertyValueSpecification\",\"valueRequired\":true,\"valueName\":\"search_term_string\"}}],\"inLanguage\":\"fr-FR\"},{\"@type\":\"Organization\",\"@id\":\"https:\\\/\\\/ofsummersnow.ch\\\/fr\\\/#organization\",\"name\":\"&quot;of Summer Snow&quot;\",\"url\":\"https:\\\/\\\/ofsummersnow.ch\\\/fr\\\/\",\"logo\":{\"@type\":\"ImageObject\",\"inLanguage\":\"fr-FR\",\"@id\":\"https:\\\/\\\/ofsummersnow.ch\\\/fr\\\/#\\\/schema\\\/logo\\\/image\\\/\",\"url\":\"https:\\\/\\\/ofsummersnow.ch\\\/wp-content\\\/uploads\\\/2021\\\/03\\\/logo_Website2.png\",\"contentUrl\":\"https:\\\/\\\/ofsummersnow.ch\\\/wp-content\\\/uploads\\\/2021\\\/03\\\/logo_Website2.png\",\"width\":335,\"height\":63,\"caption\":\"&quot;of Summer Snow&quot;\"},\"image\":{\"@id\":\"https:\\\/\\\/ofsummersnow.ch\\\/fr\\\/#\\\/schema\\\/logo\\\/image\\\/\"},\"sameAs\":[\"http:\\\/\\\/de-de.facebook.com\\\/eliane.althausmarti\\\/\"]}]}<\/script>\n<!-- \/ Yoast SEO plugin. -->","yoast_head_json":{"title":"Port\u00e9e A - &quot;of Summer Snow&quot;","robots":{"index":"index","follow":"follow","max-snippet":"max-snippet:-1","max-image-preview":"max-image-preview:large","max-video-preview":"max-video-preview:-1"},"canonical":"https:\/\/ofsummersnow.ch\/fr\/portee-a\/","og_locale":"fr_FR","og_type":"article","og_title":"Port\u00e9e A - &quot;of Summer Snow&quot;","og_url":"https:\/\/ofsummersnow.ch\/fr\/portee-a\/","og_site_name":"&quot;of Summer Snow&quot;","article_publisher":"http:\/\/de-de.facebook.com\/eliane.althausmarti\/","article_modified_time":"2019-09-30T14:06:46+00:00","twitter_card":"summary_large_image","twitter_misc":{"Dur\u00e9e de lecture estim\u00e9e":"2 minutes"},"schema":{"@context":"https:\/\/schema.org","@graph":[{"@type":"WebPage","@id":"https:\/\/ofsummersnow.ch\/fr\/portee-a\/","url":"https:\/\/ofsummersnow.ch\/fr\/portee-a\/","name":"Port\u00e9e A - &quot;of Summer Snow&quot;","isPartOf":{"@id":"https:\/\/ofsummersnow.ch\/fr\/#website"},"datePublished":"2018-07-20T07:52:32+00:00","dateModified":"2019-09-30T14:06:46+00:00","breadcrumb":{"@id":"https:\/\/ofsummersnow.ch\/fr\/portee-a\/#breadcrumb"},"inLanguage":"fr-FR","potentialAction":[{"@type":"ReadAction","target":["https:\/\/ofsummersnow.ch\/fr\/portee-a\/"]}]},{"@type":"BreadcrumbList","@id":"https:\/\/ofsummersnow.ch\/fr\/portee-a\/#breadcrumb","itemListElement":[{"@type":"ListItem","position":1,"name":"Home","item":"https:\/\/ofsummersnow.ch\/fr\/home\/"},{"@type":"ListItem","position":2,"name":"Port\u00e9e A"}]},{"@type":"WebSite","@id":"https:\/\/ofsummersnow.ch\/fr\/#website","url":"https:\/\/ofsummersnow.ch\/fr\/","name":"&quot;of Summer Snow&quot;","description":"Parson Russel Terrier-Zucht","publisher":{"@id":"https:\/\/ofsummersnow.ch\/fr\/#organization"},"potentialAction":[{"@type":"SearchAction","target":{"@type":"EntryPoint","urlTemplate":"https:\/\/ofsummersnow.ch\/fr\/?s={search_term_string}"},"query-input":{"@type":"PropertyValueSpecification","valueRequired":true,"valueName":"search_term_string"}}],"inLanguage":"fr-FR"},{"@type":"Organization","@id":"https:\/\/ofsummersnow.ch\/fr\/#organization","name":"&quot;of Summer Snow&quot;","url":"https:\/\/ofsummersnow.ch\/fr\/","logo":{"@type":"ImageObject","inLanguage":"fr-FR","@id":"https:\/\/ofsummersnow.ch\/fr\/#\/schema\/logo\/image\/","url":"https:\/\/ofsummersnow.ch\/wp-content\/uploads\/2021\/03\/logo_Website2.png","contentUrl":"https:\/\/ofsummersnow.ch\/wp-content\/uploads\/2021\/03\/logo_Website2.png","width":335,"height":63,"caption":"&quot;of Summer Snow&quot;"},"image":{"@id":"https:\/\/ofsummersnow.ch\/fr\/#\/schema\/logo\/image\/"},"sameAs":["http:\/\/de-de.facebook.com\/eliane.althausmarti\/"]}]}},"_links":{"self":[{"href":"https:\/\/ofsummersnow.ch\/fr\/wp-json\/wp\/v2\/pages\/8511","targetHints":{"allow":["GET"]}}],"collection":[{"href":"https:\/\/ofsummersnow.ch\/fr\/wp-json\/wp\/v2\/pages"}],"about":[{"href":"https:\/\/ofsummersnow.ch\/fr\/wp-json\/wp\/v2\/types\/page"}],"author":[{"embeddable":true,"href":"https:\/\/ofsummersnow.ch\/fr\/wp-json\/wp\/v2\/users\/1"}],"replies":[{"embeddable":true,"href":"https:\/\/ofsummersnow.ch\/fr\/wp-json\/wp\/v2\/comments?post=8511"}],"version-history":[{"count":0,"href":"https:\/\/ofsummersnow.ch\/fr\/wp-json\/wp\/v2\/pages\/8511\/revisions"}],"wp:attachment":[{"href":"https:\/\/ofsummersnow.ch\/fr\/wp-json\/wp\/v2\/media?parent=8511"}],"curies":[{"name":"wp","href":"https:\/\/api.w.org\/{rel}","templated":true}]}}