{"id":6232,"date":"2018-03-17T19:21:09","date_gmt":"2018-03-17T18:21:09","guid":{"rendered":"http:\/\/ofsummersnow.ch\/elevage\/"},"modified":"2025-08-20T17:59:28","modified_gmt":"2025-08-20T15:59:28","slug":"elevage","status":"publish","type":"page","link":"https:\/\/ofsummersnow.ch\/fr\/elevage\/","title":{"rendered":"\u00c9levage"},"content":{"rendered":"<div id='av_section_1'  class='avia-section av-l518k5-b1644133aa0c5242aada593433ef3f11 main_color avia-section-default avia-no-shadow  avia-builder-el-0  el_before_av_submenu  avia-builder-el-first  avia-bg-style-scroll container_wrap fullsize'  ><div class='container av-section-cont-open' ><main  role=\"main\" itemprop=\"mainContentOfPage\"  class='template-page content  av-content-full alpha units'><div class='post-entry post-entry-type-page post-entry-6232'><div class='entry-content-wrapper clearfix'>\n<section  class='av_textblock_section av-1zf29x-0260f51428412be428b259df1fb66e6d '   itemscope=\"itemscope\" itemtype=\"https:\/\/schema.org\/CreativeWork\" ><div class='avia_textblock'  itemprop=\"text\" ><h3 style=\"margin: .1pt 0cm .1pt 0cm;\">&#8230;comment tout d\u00e9buta&#8230;<\/h3>\n<p style=\"margin: .1pt 0cm .1pt 0cm;\">Apr\u00e8s avoir atteint d&rsquo;excellents r\u00e9sultats \u00e0 de multiples expositions nationales et internationales avec ma premi\u00e8re chienne Parson Russel Terrier \u2018Frivole\u2019, l&rsquo;id\u00e9e a d\u2019abord germ\u00e9 en moi, avant que l\u2019envie me prenne de fonder mon propre \u00e9levage de Parson Russell Terrier. Comme j\u2019en ai l\u2019habitude, je d\u00e9cidai de ne pas me lancer du jour au lendemain. Non, j\u2019ai pris le temps d&rsquo;y r\u00e9fl\u00e9chir pos\u00e9ment en mesurant toutes les \u00e9tapes \u00e0 franchir. J\u2019ai discut\u00e9 avec d&rsquo;autres \u00e9leveurs, des amis, etc. Finalement, j\u2019ai d\u00e9cid\u00e9 de me lancer pour de bon en 2014 en mettant sur pied de mon propre \u00e9levage de Parson Russer Terrier. Je suis encore tr\u00e8s heureuse aujourd\u2019hui d\u2019avoir saut\u00e9 le pas et pas une minute je ne l\u2019ai regrett\u00e9!<\/p>\n<\/div><\/section>\n\n<style type=\"text\/css\" data-created_by=\"avia_inline_auto\" id=\"style-css-av-i1xysl-fffbd92f9e802bc4b0252771415c809d\">\n.flex_column.av-i1xysl-fffbd92f9e802bc4b0252771415c809d{\nborder-radius:0px 0px 0px 0px;\npadding:0px 0px 0px 0px;\n}\n<\/style>\n<div  class='flex_column av-i1xysl-fffbd92f9e802bc4b0252771415c809d av_one_half  avia-builder-el-2  el_after_av_textblock  el_before_av_one_half  first flex_column_div av-zero-column-padding  column-top-margin'     ><style type=\"text\/css\" data-created_by=\"avia_inline_auto\" id=\"style-css-av-f3iy4l-5f8ab0321af8fcac07158710a771eefa\">\n#top .avia-icon-list-container.av-f3iy4l-5f8ab0321af8fcac07158710a771eefa .iconlist_icon{\nbackground-color:#635655;\n}\n<\/style>\n<div  class='avia-icon-list-container av-f3iy4l-5f8ab0321af8fcac07158710a771eefa  avia-builder-el-3  avia-builder-el-no-sibling '><ul class='avia-icon-list avia_animate_when_almost_visible avia-icon-list-left av-iconlist-big av-f3iy4l-5f8ab0321af8fcac07158710a771eefa avia-iconlist-animate'>\n<li><div class='iconlist_icon av-dq0bqt-59c25716817aca45c92a6f0babdb61a0 avia-font-fontello avia-iconfont avia-font-fontello'><span class='av-icon-char' data-av_icon='\uf1b0' data-av_iconfont='fontello' aria-hidden=\"true\"><\/span><\/div><article class=\"article-icon-entry av-iconlist-empty\"  itemscope=\"itemscope\" itemtype=\"https:\/\/schema.org\/CreativeWork\" ><div class=\"iconlist_content_wrap\"><header class=\"entry-content-header\" aria-label=\"Ic\u00f4ne : &lt;a href=&#039;http:\/\/ofsummersnow.ch\/wp-content\/uploads\/2018\/03\/of-Summer-Snow-Zuchtnamenschutz.pdf&#039; title=&#039;Protection de l&#039;affixe d&#039;\u00e9levage&#039; target=&quot;_blank&quot;  rel=&quot;noopener noreferrer&quot;&gt;Protection de l&#039;affixe d&#039;\u00e9levage&lt;\/a&gt;\"><h4 class='av_iconlist_title iconlist_title  '  itemprop=\"headline\" ><a href='http:\/\/ofsummersnow.ch\/wp-content\/uploads\/2018\/03\/of-Summer-Snow-Zuchtnamenschutz.pdf' title='Protection de l&#039;affixe d&#039;\u00e9levage' target=\"_blank\"  rel=\"noopener noreferrer\">Protection de l&#039;affixe d&#039;\u00e9levage<\/a><\/h4><\/header><div class='iconlist_content '  itemprop=\"text\" ><\/div><\/div><footer class=\"entry-footer\"><\/footer><\/article><div class=\"iconlist-timeline\"><\/div><\/li>\n<\/ul><\/div><\/div>\n<style type=\"text\/css\" data-created_by=\"avia_inline_auto\" id=\"style-css-av-i1xysl-4-2cc0d3ab79b183081ca97f557c588a70\">\n.flex_column.av-i1xysl-4-2cc0d3ab79b183081ca97f557c588a70{\nborder-radius:0px 0px 0px 0px;\npadding:0px 0px 0px 0px;\n}\n<\/style>\n<div  class='flex_column av-i1xysl-4-2cc0d3ab79b183081ca97f557c588a70 av_one_half  avia-builder-el-4  el_after_av_one_half  el_before_av_textblock  flex_column_div av-zero-column-padding  column-top-margin'     ><style type=\"text\/css\" data-created_by=\"avia_inline_auto\" id=\"style-css-av-bguxzp-7813c2e46fd8eaa8f4e08002e933a27b\">\n#top .avia-icon-list-container.av-bguxzp-7813c2e46fd8eaa8f4e08002e933a27b .iconlist_icon{\nbackground-color:#635655;\n}\n<\/style>\n<div  class='avia-icon-list-container av-bguxzp-7813c2e46fd8eaa8f4e08002e933a27b  avia-builder-el-5  avia-builder-el-no-sibling '><ul class='avia-icon-list avia_animate_when_almost_visible avia-icon-list-left av-iconlist-big av-bguxzp-7813c2e46fd8eaa8f4e08002e933a27b avia-iconlist-animate'><\/ul><\/div><\/div><section  class='av_textblock_section av-8ox4dx-827f5a2e6dd50c20fa2b2a61a2b40920 '   itemscope=\"itemscope\" itemtype=\"https:\/\/schema.org\/CreativeWork\" ><div class='avia_textblock'  itemprop=\"text\" ><h3>\u00c9levage &#8211; Formation et formation continue<\/h3>\n<p><span style=\"color: #ffffff;\">Bien qu&rsquo;ils ne soient pas obligatoires, j\u2019ai suivi les 12 modules propos\u00e9s par la SCS (Soci\u00e9t\u00e9 Cynologique Suisse) \u00e0 l&rsquo;intention des \u00e9leveurs. Ma formation s&rsquo;est termin\u00e9e en octobre 2017.<\/span><\/p>\n<\/div><\/section>\n<div  class='hr av-2bynzp-552f86064ae575bd6a463211ce584b96 hr-default  avia-builder-el-7  el_after_av_textblock  el_before_av_textblock '><span class='hr-inner '><span class=\"hr-inner-style\"><\/span><\/span><\/div>\n<section  class='av_textblock_section av-8ox4dx-3-dcd4b4a41e57d1526b44220cbdfd2e0e '   itemscope=\"itemscope\" itemtype=\"https:\/\/schema.org\/CreativeWork\" ><div class='avia_textblock'  itemprop=\"text\" ><h3>Nos port\u00e9es jusqu&rsquo;\u00e0 pr\u00e9sent<\/h3>\n<\/div><\/section>\n\n<style type=\"text\/css\" data-created_by=\"avia_inline_auto\" id=\"style-css-av-2nvc39-d00dca6a64253b93337371956a6665eb\">\n.flex_column.av-2nvc39-d00dca6a64253b93337371956a6665eb{\nborder-radius:0px 0px 0px 0px;\npadding:0px 0px 0px 0px;\n}\n<\/style>\n<div  class='flex_column av-2nvc39-d00dca6a64253b93337371956a6665eb av_one_full  avia-builder-el-9  el_after_av_textblock  avia-builder-el-last  first flex_column_div av-zero-column-padding  column-top-margin'     ><style type=\"text\/css\" data-created_by=\"avia_inline_auto\" id=\"style-css-av-kh11xfwd-ab0c03981970e603fe1558fe8b80d5c0\">\n.avia-timeline-container.av-kh11xfwd-ab0c03981970e603fe1558fe8b80d5c0 .av-milestone-title{\ncolor:#ffffff;\n}\n.avia-timeline-container.av-kh11xfwd-ab0c03981970e603fe1558fe8b80d5c0 .av-milestone-icon-inner{\nbackground-color:#736766;\n}\n.avia-timeline-container.av-kh11xfwd-ab0c03981970e603fe1558fe8b80d5c0 .av-milestone-indicator{\nbackground-color:#736766;\n}\n.avia-timeline-container.av-kh11xfwd-ab0c03981970e603fe1558fe8b80d5c0 .av-milestone-article-footer{\nbackground-color:#736766;\n}\n<\/style>\n<div  id=\"avia-timeline-1\"  class='avia-timeline-container av-kh11xfwd-ab0c03981970e603fe1558fe8b80d5c0 av-slideshow-ui  avia-builder-el-10  avia-builder-el-no-sibling  avia-slideshow-carousel' avia-data-slides='5'><ul class='avia-timeline avia-timeline-horizontal av-milestone-placement-top avia-timeline- avia_animate_when_almost_visible avia-timeline-animate'>\n<li  class='av-milestone av-2wju39-69e6b5f66f4e87616ddfa854fca1aa14 av-animated-generic fade-in av-milestone-odd'><h2 class='av-milestone-date ' id='milestone-2022' ><a href='https:\/\/ofsummersnow.ch\/fr\/portee-f\/'  title=\"Port\u00e9e G\" aria-label=\"Port\u00e9e G\">2022<span class='av-milestone-indicator'><\/span><\/a><\/h2><a class='av-milestone-icon-wrap' href='https:\/\/ofsummersnow.ch\/fr\/portee-f\/'  title=\"Port\u00e9e G\" aria-label=\"Port\u00e9e G\"><span class='av-milestone-icon milestone_icon avia-font-fontello'><span class='av-milestone-icon-inner milestone_inner'><i class='milestone-char avia-iconfont avia-font-fontello' data-av_icon='\uf1b0' data-av_iconfont='fontello' ><\/i><\/span><\/span><\/a><article class='av-milestone-content-wrap'><div class='av-milestone-contentbox'><header class=\"entry-content-header\" aria-label=\"\u00c9tape : Port\u00e9e G\"><h4 class='av-milestone-title '><a href='https:\/\/ofsummersnow.ch\/fr\/portee-f\/'  title=\"Port\u00e9e G\" aria-label=\"Port\u00e9e G\">Port\u00e9e G<\/a><\/h4><\/header><div class='av-milestone-content'><\/div><\/div><footer class='av-milestone-article-footer entry-footer'><\/footer><\/article><\/li>\n<li  class='av-milestone av-2wju39-2-17ae05a180c3cfb30c16fad16d92537b av-animated-generic fade-in av-milestone-even'><h2 class='av-milestone-date ' id='milestone-2021' ><a href='https:\/\/ofsummersnow.ch\/fr\/portee-f-2\/'  title=\"Port\u00e9e F\" aria-label=\"Port\u00e9e F\">2021<span class='av-milestone-indicator'><\/span><\/a><\/h2><a class='av-milestone-icon-wrap' href='https:\/\/ofsummersnow.ch\/fr\/portee-f-2\/'  title=\"Port\u00e9e F\" aria-label=\"Port\u00e9e F\"><span class='av-milestone-icon milestone_icon avia-font-fontello'><span class='av-milestone-icon-inner milestone_inner'><i class='milestone-char avia-iconfont avia-font-fontello' data-av_icon='\uf1b0' data-av_iconfont='fontello' ><\/i><\/span><\/span><\/a><article class='av-milestone-content-wrap'><div class='av-milestone-contentbox'><header class=\"entry-content-header\" aria-label=\"\u00c9tape : Port\u00e9e F\"><h4 class='av-milestone-title '><a href='https:\/\/ofsummersnow.ch\/fr\/portee-f-2\/'  title=\"Port\u00e9e F\" aria-label=\"Port\u00e9e F\">Port\u00e9e F<\/a><\/h4><\/header><div class='av-milestone-content'><\/div><\/div><footer class='av-milestone-article-footer entry-footer'><\/footer><\/article><\/li>\n<li  class='av-milestone av-8rm01h-a9adb0731e21a2affad938d1b23e60bb av-animated-generic fade-in av-milestone-odd'><h2 class='av-milestone-date ' id='milestone-2020' ><a href='https:\/\/ofsummersnow.ch\/fr\/portee-e\/'  title=\"Port\u00e9e E\" aria-label=\"Port\u00e9e E\">2020<span class='av-milestone-indicator'><\/span><\/a><\/h2><a class='av-milestone-icon-wrap' href='https:\/\/ofsummersnow.ch\/fr\/portee-e\/'  title=\"Port\u00e9e E\" aria-label=\"Port\u00e9e E\"><span class='av-milestone-icon milestone_icon avia-font-fontello'><span class='av-milestone-icon-inner milestone_inner'><i class='milestone-char avia-iconfont avia-font-fontello' data-av_icon='\uf1b0' data-av_iconfont='fontello' ><\/i><\/span><\/span><\/a><article class='av-milestone-content-wrap'><div class='av-milestone-contentbox'><header class=\"entry-content-header\" aria-label=\"\u00c9tape : Port\u00e9e E\"><h4 class='av-milestone-title '><a href='https:\/\/ofsummersnow.ch\/fr\/portee-e\/'  title=\"Port\u00e9e E\" aria-label=\"Port\u00e9e E\">Port\u00e9e E<\/a><\/h4><\/header><div class='av-milestone-content'><\/div><\/div><footer class='av-milestone-article-footer entry-footer'><\/footer><\/article><\/li>\n<li  class='av-milestone av-72r2l1-b150f3e1e6bc2cc69f3183001cda8f9c av-animated-generic fade-in av-milestone-even'><h2 class='av-milestone-date ' id='milestone-2019' ><a href='https:\/\/ofsummersnow.ch\/fr\/portee-d\/'  title=\"Port\u00e9e D\" aria-label=\"Port\u00e9e D\">2019<span class='av-milestone-indicator'><\/span><\/a><\/h2><a class='av-milestone-icon-wrap' href='https:\/\/ofsummersnow.ch\/fr\/portee-d\/'  title=\"Port\u00e9e D\" aria-label=\"Port\u00e9e D\"><span class='av-milestone-icon milestone_icon avia-font-fontello'><span class='av-milestone-icon-inner milestone_inner'><i class='milestone-char avia-iconfont avia-font-fontello' data-av_icon='\uf1b0' data-av_iconfont='fontello' ><\/i><\/span><\/span><\/a><article class='av-milestone-content-wrap'><div class='av-milestone-contentbox'><header class=\"entry-content-header\" aria-label=\"\u00c9tape : Port\u00e9e D\"><h4 class='av-milestone-title '><a href='https:\/\/ofsummersnow.ch\/fr\/portee-d\/'  title=\"Port\u00e9e D\" aria-label=\"Port\u00e9e D\">Port\u00e9e D<\/a><\/h4><\/header><div class='av-milestone-content'><\/div><\/div><footer class='av-milestone-article-footer entry-footer'><\/footer><\/article><\/li>\n<li  class='av-milestone av-5des4l-827f8a4801d4fa6ddb4c15fd89ceca60 av-animated-generic fade-in av-milestone-odd'><h2 class='av-milestone-date ' id='milestone-2018' ><a href='https:\/\/ofsummersnow.ch\/fr\/elevage\/chiots-actuels\/'  title=\"Port\u00e9e C\" aria-label=\"Port\u00e9e C\">2018<span class='av-milestone-indicator'><\/span><\/a><\/h2><a class='av-milestone-icon-wrap' href='https:\/\/ofsummersnow.ch\/fr\/elevage\/chiots-actuels\/'  title=\"Port\u00e9e C\" aria-label=\"Port\u00e9e C\"><span class='av-milestone-icon milestone_icon avia-font-fontello'><span class='av-milestone-icon-inner milestone_inner'><i class='milestone-char avia-iconfont avia-font-fontello' data-av_icon='\uf1b0' data-av_iconfont='fontello' ><\/i><\/span><\/span><\/a><article class='av-milestone-content-wrap'><div class='av-milestone-contentbox'><header class=\"entry-content-header\" aria-label=\"\u00c9tape : Port\u00e9e C\"><h4 class='av-milestone-title '><a href='https:\/\/ofsummersnow.ch\/fr\/elevage\/chiots-actuels\/'  title=\"Port\u00e9e C\" aria-label=\"Port\u00e9e C\">Port\u00e9e C<\/a><\/h4><\/header><div class='av-milestone-content'><\/div><\/div><footer class='av-milestone-article-footer entry-footer'><\/footer><\/article><\/li>\n<li  class='av-milestone av-3xr7ol-2aede654b4d12d9b987e37061ea9a79a av-animated-generic fade-in av-milestone-even'><h2 class='av-milestone-date ' id='milestone-2017' ><a href='https:\/\/ofsummersnow.ch\/fr\/portee-b\/'  title=\"Port\u00e9e B\" aria-label=\"Port\u00e9e B\">2017<span class='av-milestone-indicator'><\/span><\/a><\/h2><a class='av-milestone-icon-wrap' href='https:\/\/ofsummersnow.ch\/fr\/portee-b\/'  title=\"Port\u00e9e B\" aria-label=\"Port\u00e9e B\"><span class='av-milestone-icon milestone_icon avia-font-fontello'><span class='av-milestone-icon-inner milestone_inner'><i class='milestone-char avia-iconfont avia-font-fontello' data-av_icon='\uf1b0' data-av_iconfont='fontello' ><\/i><\/span><\/span><\/a><article class='av-milestone-content-wrap'><div class='av-milestone-contentbox'><header class=\"entry-content-header\" aria-label=\"\u00c9tape : Port\u00e9e B\"><h4 class='av-milestone-title '><a href='https:\/\/ofsummersnow.ch\/fr\/portee-b\/'  title=\"Port\u00e9e B\" aria-label=\"Port\u00e9e B\">Port\u00e9e B<\/a><\/h4><\/header><div class='av-milestone-content'><\/div><\/div><footer class='av-milestone-article-footer entry-footer'><\/footer><\/article><\/li>\n<li  class='av-milestone av-2wju39-1-3b763ac57a60b9b92ed9a5f97ed14588 av-animated-generic fade-in av-milestone-odd'><h2 class='av-milestone-date ' id='milestone-2015' ><a href='https:\/\/ofsummersnow.ch\/fr\/portee-a\/'  title=\"Port\u00e9e A\" aria-label=\"Port\u00e9e A\">2015<span class='av-milestone-indicator'><\/span><\/a><\/h2><a class='av-milestone-icon-wrap' href='https:\/\/ofsummersnow.ch\/fr\/portee-a\/'  title=\"Port\u00e9e A\" aria-label=\"Port\u00e9e A\"><span class='av-milestone-icon milestone_icon avia-font-fontello'><span class='av-milestone-icon-inner milestone_inner'><i class='milestone-char avia-iconfont avia-font-fontello' data-av_icon='\uf1b0' data-av_iconfont='fontello' ><\/i><\/span><\/span><\/a><article class='av-milestone-content-wrap'><div class='av-milestone-contentbox'><header class=\"entry-content-header\" aria-label=\"\u00c9tape : Port\u00e9e A\"><h4 class='av-milestone-title '><a href='https:\/\/ofsummersnow.ch\/fr\/portee-a\/'  title=\"Port\u00e9e A\" aria-label=\"Port\u00e9e A\">Port\u00e9e A<\/a><\/h4><\/header><div class='av-milestone-content'><\/div><\/div><footer class='av-milestone-article-footer entry-footer'><\/footer><\/article><\/li>\n<\/ul><div class='avia-slideshow-arrows avia-slideshow-controls av-timeline-nav ' ><a href='#prev' class='prev-slide prev-slide av-timeline-nav-prev av-nav-btn avia-svg-icon avia-font-svg_entypo-fontello' data-av_svg_icon='left-open-big' data-av_iconset='svg_entypo-fontello' tabindex='-1' title=\"Pr\u00e9c\u00e9dent\"><svg version=\"1.1\" xmlns=\"http:\/\/www.w3.org\/2000\/svg\" width=\"15\" height=\"32\" viewBox=\"0 0 15 32\" preserveAspectRatio=\"xMidYMid meet\" aria-labelledby='av-svg-title-1' aria-describedby='av-svg-desc-1' role=\"graphics-symbol\" aria-hidden=\"true\">\n<title id='av-svg-title-1'>Pr\u00e9c\u00e9dent<\/title>\n<desc id='av-svg-desc-1'>Pr\u00e9c\u00e9dent<\/desc>\n<path d=\"M14.464 27.84q0.832 0.832 0 1.536-0.832 0.832-1.536 0l-12.544-12.608q-0.768-0.768 0-1.6l12.544-12.608q0.704-0.832 1.536 0 0.832 0.704 0 1.536l-11.456 11.904z\"><\/path>\n<\/svg><span class='avia_hidden_link_text'>Pr\u00e9c\u00e9dent<\/span><\/a><a href='#next' class='next-slide next-slide av-timeline-nav-next av-nav-btn avia-svg-icon avia-font-svg_entypo-fontello' data-av_svg_icon='right-open-big' data-av_iconset='svg_entypo-fontello' tabindex='-1' title=\"Suivant\"><svg version=\"1.1\" xmlns=\"http:\/\/www.w3.org\/2000\/svg\" width=\"15\" height=\"32\" viewBox=\"0 0 15 32\" preserveAspectRatio=\"xMidYMid meet\" aria-labelledby='av-svg-title-2' aria-describedby='av-svg-desc-2' role=\"graphics-symbol\" aria-hidden=\"true\">\n<title id='av-svg-title-2'>Suivant<\/title>\n<desc id='av-svg-desc-2'>Suivant<\/desc>\n<path d=\"M0.416 27.84l11.456-11.84-11.456-11.904q-0.832-0.832 0-1.536 0.832-0.832 1.536 0l12.544 12.608q0.768 0.832 0 1.6l-12.544 12.608q-0.704 0.832-1.536 0-0.832-0.704 0-1.536z\"><\/path>\n<\/svg><span class='avia_hidden_link_text'>Suivant<\/span><\/a><\/div><\/div><\/div>\n\n<\/div><\/div><\/main><!-- close content main element --><\/div><\/div><div class='clear'><\/div><div id='sub_menu1'  class='av-submenu-container av-6bazlh-9acf7110b8bf7b5f03eccb16a015f2af main_color  avia-builder-el-11  el_after_av_section  avia-builder-el-last  av-sticky-submenu submenu-not-first container_wrap fullsize' style='z-index:301' ><div class='container av-menu-mobile-disabled av-submenu-pos-center'><ul id='av-custom-submenu-1' class='av-subnav-menu' role='menu'>\n<li class='menu-item av-3nj785-248b16af474bbec27f66523877746d58 menu-item-top-level menu-item-top-level-1' role='menuitem'><a href='https:\/\/ofsummersnow.ch\/fr\/portfolio-item\/frivole\/'  ><span class='avia-bullet'><\/span><span class='avia-menu-text'>Frivole<\/span><\/a><\/li>\n<li class='menu-item av-2fphdx-fd13079ff3241c7b03e241c3f59018e0 menu-item-top-level menu-item-top-level-2' role='menuitem'><a href='https:\/\/ofsummersnow.ch\/fr\/portfolio-item\/ashley\/'  ><span class='avia-bullet'><\/span><span class='avia-menu-text'>Ashley<\/span><\/a><\/li>\n<li class='menu-item av-2fphdx-1-7c5359999413daa8a6c371afa4ccfdd2 menu-item-top-level menu-item-top-level-3' role='menuitem'><a href='https:\/\/ofsummersnow.ch\/fr\/portfolio-item\/g7-femelle\/'  ><span class='avia-bullet'><\/span><span class='avia-menu-text'>Gucci<\/span><\/a><\/li>\n<\/ul><\/div><\/div><div class='sticky_placeholder'><\/div>\n","protected":false},"excerpt":{"rendered":"","protected":false},"author":1,"featured_media":0,"parent":0,"menu_order":1,"comment_status":"closed","ping_status":"closed","template":"","meta":{"footnotes":""},"class_list":["post-6232","page","type-page","status-publish","hentry"],"yoast_head":"<!-- This site is optimized with the Yoast SEO plugin v27.4 - https:\/\/yoast.com\/product\/yoast-seo-wordpress\/ -->\n<title>\u00c9levage - &quot;of Summer Snow&quot;<\/title>\n<meta name=\"robots\" content=\"index, follow, max-snippet:-1, max-image-preview:large, max-video-preview:-1\" \/>\n<link rel=\"canonical\" href=\"https:\/\/ofsummersnow.ch\/fr\/elevage\/\" \/>\n<meta property=\"og:locale\" content=\"fr_FR\" \/>\n<meta property=\"og:type\" content=\"article\" \/>\n<meta property=\"og:title\" content=\"\u00c9levage - &quot;of Summer Snow&quot;\" \/>\n<meta property=\"og:url\" content=\"https:\/\/ofsummersnow.ch\/fr\/elevage\/\" \/>\n<meta property=\"og:site_name\" content=\"&quot;of Summer Snow&quot;\" \/>\n<meta property=\"article:publisher\" content=\"http:\/\/de-de.facebook.com\/eliane.althausmarti\/\" \/>\n<meta property=\"article:modified_time\" content=\"2025-08-20T15:59:28+00:00\" \/>\n<meta name=\"twitter:card\" content=\"summary_large_image\" \/>\n<meta name=\"twitter:label1\" content=\"Dur\u00e9e de lecture estim\u00e9e\" \/>\n\t<meta name=\"twitter:data1\" content=\"8 minutes\" \/>\n<script type=\"application\/ld+json\" class=\"yoast-schema-graph\">{\"@context\":\"https:\\\/\\\/schema.org\",\"@graph\":[{\"@type\":\"WebPage\",\"@id\":\"https:\\\/\\\/ofsummersnow.ch\\\/fr\\\/elevage\\\/\",\"url\":\"https:\\\/\\\/ofsummersnow.ch\\\/fr\\\/elevage\\\/\",\"name\":\"\u00c9levage - &quot;of Summer Snow&quot;\",\"isPartOf\":{\"@id\":\"https:\\\/\\\/ofsummersnow.ch\\\/fr\\\/#website\"},\"datePublished\":\"2018-03-17T18:21:09+00:00\",\"dateModified\":\"2025-08-20T15:59:28+00:00\",\"breadcrumb\":{\"@id\":\"https:\\\/\\\/ofsummersnow.ch\\\/fr\\\/elevage\\\/#breadcrumb\"},\"inLanguage\":\"fr-FR\",\"potentialAction\":[{\"@type\":\"ReadAction\",\"target\":[\"https:\\\/\\\/ofsummersnow.ch\\\/fr\\\/elevage\\\/\"]}]},{\"@type\":\"BreadcrumbList\",\"@id\":\"https:\\\/\\\/ofsummersnow.ch\\\/fr\\\/elevage\\\/#breadcrumb\",\"itemListElement\":[{\"@type\":\"ListItem\",\"position\":1,\"name\":\"Home\",\"item\":\"https:\\\/\\\/ofsummersnow.ch\\\/fr\\\/home\\\/\"},{\"@type\":\"ListItem\",\"position\":2,\"name\":\"\u00c9levage\"}]},{\"@type\":\"WebSite\",\"@id\":\"https:\\\/\\\/ofsummersnow.ch\\\/fr\\\/#website\",\"url\":\"https:\\\/\\\/ofsummersnow.ch\\\/fr\\\/\",\"name\":\"&quot;of Summer Snow&quot;\",\"description\":\"Parson Russel Terrier-Zucht\",\"publisher\":{\"@id\":\"https:\\\/\\\/ofsummersnow.ch\\\/fr\\\/#organization\"},\"potentialAction\":[{\"@type\":\"SearchAction\",\"target\":{\"@type\":\"EntryPoint\",\"urlTemplate\":\"https:\\\/\\\/ofsummersnow.ch\\\/fr\\\/?s={search_term_string}\"},\"query-input\":{\"@type\":\"PropertyValueSpecification\",\"valueRequired\":true,\"valueName\":\"search_term_string\"}}],\"inLanguage\":\"fr-FR\"},{\"@type\":\"Organization\",\"@id\":\"https:\\\/\\\/ofsummersnow.ch\\\/fr\\\/#organization\",\"name\":\"&quot;of Summer Snow&quot;\",\"url\":\"https:\\\/\\\/ofsummersnow.ch\\\/fr\\\/\",\"logo\":{\"@type\":\"ImageObject\",\"inLanguage\":\"fr-FR\",\"@id\":\"https:\\\/\\\/ofsummersnow.ch\\\/fr\\\/#\\\/schema\\\/logo\\\/image\\\/\",\"url\":\"https:\\\/\\\/ofsummersnow.ch\\\/wp-content\\\/uploads\\\/2021\\\/03\\\/logo_Website2.png\",\"contentUrl\":\"https:\\\/\\\/ofsummersnow.ch\\\/wp-content\\\/uploads\\\/2021\\\/03\\\/logo_Website2.png\",\"width\":335,\"height\":63,\"caption\":\"&quot;of Summer Snow&quot;\"},\"image\":{\"@id\":\"https:\\\/\\\/ofsummersnow.ch\\\/fr\\\/#\\\/schema\\\/logo\\\/image\\\/\"},\"sameAs\":[\"http:\\\/\\\/de-de.facebook.com\\\/eliane.althausmarti\\\/\"]}]}<\/script>\n<!-- \/ Yoast SEO plugin. -->","yoast_head_json":{"title":"\u00c9levage - &quot;of Summer Snow&quot;","robots":{"index":"index","follow":"follow","max-snippet":"max-snippet:-1","max-image-preview":"max-image-preview:large","max-video-preview":"max-video-preview:-1"},"canonical":"https:\/\/ofsummersnow.ch\/fr\/elevage\/","og_locale":"fr_FR","og_type":"article","og_title":"\u00c9levage - &quot;of Summer Snow&quot;","og_url":"https:\/\/ofsummersnow.ch\/fr\/elevage\/","og_site_name":"&quot;of Summer Snow&quot;","article_publisher":"http:\/\/de-de.facebook.com\/eliane.althausmarti\/","article_modified_time":"2025-08-20T15:59:28+00:00","twitter_card":"summary_large_image","twitter_misc":{"Dur\u00e9e de lecture estim\u00e9e":"8 minutes"},"schema":{"@context":"https:\/\/schema.org","@graph":[{"@type":"WebPage","@id":"https:\/\/ofsummersnow.ch\/fr\/elevage\/","url":"https:\/\/ofsummersnow.ch\/fr\/elevage\/","name":"\u00c9levage - &quot;of Summer Snow&quot;","isPartOf":{"@id":"https:\/\/ofsummersnow.ch\/fr\/#website"},"datePublished":"2018-03-17T18:21:09+00:00","dateModified":"2025-08-20T15:59:28+00:00","breadcrumb":{"@id":"https:\/\/ofsummersnow.ch\/fr\/elevage\/#breadcrumb"},"inLanguage":"fr-FR","potentialAction":[{"@type":"ReadAction","target":["https:\/\/ofsummersnow.ch\/fr\/elevage\/"]}]},{"@type":"BreadcrumbList","@id":"https:\/\/ofsummersnow.ch\/fr\/elevage\/#breadcrumb","itemListElement":[{"@type":"ListItem","position":1,"name":"Home","item":"https:\/\/ofsummersnow.ch\/fr\/home\/"},{"@type":"ListItem","position":2,"name":"\u00c9levage"}]},{"@type":"WebSite","@id":"https:\/\/ofsummersnow.ch\/fr\/#website","url":"https:\/\/ofsummersnow.ch\/fr\/","name":"&quot;of Summer Snow&quot;","description":"Parson Russel Terrier-Zucht","publisher":{"@id":"https:\/\/ofsummersnow.ch\/fr\/#organization"},"potentialAction":[{"@type":"SearchAction","target":{"@type":"EntryPoint","urlTemplate":"https:\/\/ofsummersnow.ch\/fr\/?s={search_term_string}"},"query-input":{"@type":"PropertyValueSpecification","valueRequired":true,"valueName":"search_term_string"}}],"inLanguage":"fr-FR"},{"@type":"Organization","@id":"https:\/\/ofsummersnow.ch\/fr\/#organization","name":"&quot;of Summer Snow&quot;","url":"https:\/\/ofsummersnow.ch\/fr\/","logo":{"@type":"ImageObject","inLanguage":"fr-FR","@id":"https:\/\/ofsummersnow.ch\/fr\/#\/schema\/logo\/image\/","url":"https:\/\/ofsummersnow.ch\/wp-content\/uploads\/2021\/03\/logo_Website2.png","contentUrl":"https:\/\/ofsummersnow.ch\/wp-content\/uploads\/2021\/03\/logo_Website2.png","width":335,"height":63,"caption":"&quot;of Summer Snow&quot;"},"image":{"@id":"https:\/\/ofsummersnow.ch\/fr\/#\/schema\/logo\/image\/"},"sameAs":["http:\/\/de-de.facebook.com\/eliane.althausmarti\/"]}]}},"_links":{"self":[{"href":"https:\/\/ofsummersnow.ch\/fr\/wp-json\/wp\/v2\/pages\/6232","targetHints":{"allow":["GET"]}}],"collection":[{"href":"https:\/\/ofsummersnow.ch\/fr\/wp-json\/wp\/v2\/pages"}],"about":[{"href":"https:\/\/ofsummersnow.ch\/fr\/wp-json\/wp\/v2\/types\/page"}],"author":[{"embeddable":true,"href":"https:\/\/ofsummersnow.ch\/fr\/wp-json\/wp\/v2\/users\/1"}],"replies":[{"embeddable":true,"href":"https:\/\/ofsummersnow.ch\/fr\/wp-json\/wp\/v2\/comments?post=6232"}],"version-history":[{"count":0,"href":"https:\/\/ofsummersnow.ch\/fr\/wp-json\/wp\/v2\/pages\/6232\/revisions"}],"wp:attachment":[{"href":"https:\/\/ofsummersnow.ch\/fr\/wp-json\/wp\/v2\/media?parent=6232"}],"curies":[{"name":"wp","href":"https:\/\/api.w.org\/{rel}","templated":true}]}}