{"id":6212,"date":"2018-03-18T12:59:57","date_gmt":"2018-03-18T11:59:57","guid":{"rendered":"http:\/\/new.ofsummersnow.ch\/affiliations\/"},"modified":"2021-03-23T16:17:02","modified_gmt":"2021-03-23T15:17:02","slug":"affiliations","status":"publish","type":"page","link":"https:\/\/ofsummersnow.ch\/fr\/elevage\/affiliations\/","title":{"rendered":"Affiliations"},"content":{"rendered":"\n<style type=\"text\/css\" data-created_by=\"avia_inline_auto\" id=\"style-css-av-9t1yd8-1f854ec10c0fcbaee068ac6fb3b8246b\">\n.flex_column.av-9t1yd8-1f854ec10c0fcbaee068ac6fb3b8246b{\nborder-radius:0px 0px 0px 0px;\npadding:0px 0px 0px 0px;\n}\n<\/style>\n<div  class='flex_column av-9t1yd8-1f854ec10c0fcbaee068ac6fb3b8246b av_one_third  avia-builder-el-0  el_before_av_two_third  avia-builder-el-first  first flex_column_div av-zero-column-padding  '     ><section  class='av_textblock_section av-7uq0oc-2095f266128fa7bd4827f3e416287db4 '   itemscope=\"itemscope\" itemtype=\"https:\/\/schema.org\/CreativeWork\" ><div class='avia_textblock'  itemprop=\"text\" ><p>Je suis membre des soci\u00e9t\u00e9s suivantes:<\/p>\n<\/div><\/section><\/div>\n\n<style type=\"text\/css\" data-created_by=\"avia_inline_auto\" id=\"style-css-av-657xvw-4ef23bb5bf47c569492b9ac753e9a087\">\n.flex_column.av-657xvw-4ef23bb5bf47c569492b9ac753e9a087{\nborder-radius:0px 0px 0px 0px;\npadding:0px 0px 0px 0px;\n}\n<\/style>\n<div  class='flex_column av-657xvw-4ef23bb5bf47c569492b9ac753e9a087 av_two_third  avia-builder-el-2  el_after_av_one_third  avia-builder-el-last  flex_column_div av-zero-column-padding  '     ><style type=\"text\/css\" data-created_by=\"avia_inline_auto\" id=\"style-css-av-kmjchqf3-4846d5d8cadf0baf9690cc567c3e8a70\">\n#top .avia-icon-list-container.av-kmjchqf3-4846d5d8cadf0baf9690cc567c3e8a70 .iconlist_icon{\nbackground-color:#635655;\n}\n<\/style>\n<div  class='avia-icon-list-container av-kmjchqf3-4846d5d8cadf0baf9690cc567c3e8a70  avia-builder-el-3  avia-builder-el-no-sibling '><ul class='avia-icon-list avia_animate_when_almost_visible avia-icon-list-left av-iconlist-big av-kmjchqf3-4846d5d8cadf0baf9690cc567c3e8a70 avia-iconlist-animate'>\n<li><div class='iconlist_icon av-kmlw1tay-fe76d47fa1db7ffe24cdb29f738a1c08 avia-font-fontello avia-iconfont avia-font-fontello'><span class='av-icon-char' data-av_icon='\uf1b0' data-av_iconfont='fontello' aria-hidden=\"true\"><\/span><\/div><article class=\"article-icon-entry av-iconlist-empty\"  itemscope=\"itemscope\" itemtype=\"https:\/\/schema.org\/CreativeWork\" ><div class=\"iconlist_content_wrap\"><header class=\"entry-content-header\" aria-label=\"Ic\u00f4ne : &lt;a href=&#039;http:\/\/www.ralie.fr\/&#039; title=&#039;Rassemblement des Amateurs de L\u00e9vriers d\u2018Irlande et d\u2019Ecosse - R.A.L.I.E.&#039; target=&quot;_blank&quot;  rel=&quot;noopener noreferrer&quot;&gt;Rassemblement des Amateurs de L\u00e9vriers d\u2018Irlande et d\u2019Ecosse - R.A.L.I.E.&lt;\/a&gt;\"><h4 class='av_iconlist_title iconlist_title  '  itemprop=\"headline\" ><a href='http:\/\/www.ralie.fr\/' title='Rassemblement des Amateurs de L\u00e9vriers d\u2018Irlande et d\u2019Ecosse - R.A.L.I.E.' target=\"_blank\"  rel=\"noopener noreferrer\">Rassemblement des Amateurs de L\u00e9vriers d\u2018Irlande et d\u2019Ecosse - R.A.L.I.E.<\/a><\/h4><\/header><div class='iconlist_content '  itemprop=\"text\" ><\/div><\/div><footer class=\"entry-footer\"><\/footer><\/article><div class=\"iconlist-timeline\"><\/div><\/li>\n<li><div class='iconlist_icon av-kmjchin1-38d93014a529ef15a98917aa8d9b8f5c avia-font-fontello avia-iconfont avia-font-fontello'><span class='av-icon-char' data-av_icon='\uf1b0' data-av_iconfont='fontello' aria-hidden=\"true\"><\/span><\/div><article class=\"article-icon-entry av-iconlist-empty\"  itemscope=\"itemscope\" itemtype=\"https:\/\/schema.org\/CreativeWork\" ><div class=\"iconlist_content_wrap\"><header class=\"entry-content-header\" aria-label=\"Ic\u00f4ne : &lt;a href=&#039;http:\/\/www.irish-wolfhound-club.ch\/&#039; title=&#039;Irish Wolfhund Club Schweiz&#039; target=&quot;_blank&quot;  rel=&quot;noopener noreferrer&quot;&gt;Irish Wolfhund Club Schweiz&lt;\/a&gt;\"><h4 class='av_iconlist_title iconlist_title  '  itemprop=\"headline\" ><a href='http:\/\/www.irish-wolfhound-club.ch\/' title='Irish Wolfhund Club Schweiz' target=\"_blank\"  rel=\"noopener noreferrer\">Irish Wolfhund Club Schweiz<\/a><\/h4><\/header><div class='iconlist_content '  itemprop=\"text\" ><\/div><\/div><footer class=\"entry-footer\"><\/footer><\/article><div class=\"iconlist-timeline\"><\/div><\/li>\n<li><div class='iconlist_icon av-f614s-f3e874f39b335c3d969cb1035e16c63b avia-font-fontello avia-iconfont avia-font-fontello'><span class='av-icon-char' data-av_icon='\uf1b0' data-av_iconfont='fontello' aria-hidden=\"true\"><\/span><\/div><article class=\"article-icon-entry av-iconlist-empty\"  itemscope=\"itemscope\" itemtype=\"https:\/\/schema.org\/CreativeWork\" ><div class=\"iconlist_content_wrap\"><header class=\"entry-content-header\" aria-label=\"Ic\u00f4ne : &lt;a href=&#039;http:\/\/www.kvbiel-cynobienne.ch\/&#039; title=&#039;Soci\u00e9t\u00e9 cynologique de Bienne et environs&#039; target=&quot;_blank&quot;  rel=&quot;noopener noreferrer&quot;&gt;Soci\u00e9t\u00e9 cynologique de Bienne et environs&lt;\/a&gt;\"><h4 class='av_iconlist_title iconlist_title  '  itemprop=\"headline\" ><a href='http:\/\/www.kvbiel-cynobienne.ch\/' title='Soci\u00e9t\u00e9 cynologique de Bienne et environs' target=\"_blank\"  rel=\"noopener noreferrer\">Soci\u00e9t\u00e9 cynologique de Bienne et environs<\/a><\/h4><\/header><div class='iconlist_content '  itemprop=\"text\" ><\/div><\/div><footer class=\"entry-footer\"><\/footer><\/article><div class=\"iconlist-timeline\"><\/div><\/li>\n<li><div class='iconlist_icon av-kmlw30v4-aac8c0f25668eb893648d32cdc715640 avia-font-fontello avia-iconfont avia-font-fontello'><span class='av-icon-char' data-av_icon='\uf1b0' data-av_iconfont='fontello' aria-hidden=\"true\"><\/span><\/div><article class=\"article-icon-entry av-iconlist-empty\"  itemscope=\"itemscope\" itemtype=\"https:\/\/schema.org\/CreativeWork\" ><div class=\"iconlist_content_wrap\"><header class=\"entry-content-header\" aria-label=\"Ic\u00f4ne : &lt;a href=&#039;http:\/\/chien.ch\/&#039; title=&#039;Association romande des \u00e9leveurs de chiens de race - ARECR&#039; target=&quot;_blank&quot;  rel=&quot;noopener noreferrer&quot;&gt;Association romande des \u00e9leveurs de chiens de race - ARECR&lt;\/a&gt;\"><h4 class='av_iconlist_title iconlist_title  '  itemprop=\"headline\" ><a href='http:\/\/chien.ch\/' title='Association romande des \u00e9leveurs de chiens de race - ARECR' target=\"_blank\"  rel=\"noopener noreferrer\">Association romande des \u00e9leveurs de chiens de race - ARECR<\/a><\/h4><\/header><div class='iconlist_content '  itemprop=\"text\" ><\/div><\/div><footer class=\"entry-footer\"><\/footer><\/article><div class=\"iconlist-timeline\"><\/div><\/li>\n<li><div class='iconlist_icon av-2fbc7w-bcb4e9f2204dec0f27b5f05472933a01 avia-font-fontello avia-iconfont avia-font-fontello'><span class='av-icon-char' data-av_icon='\uf1b0' data-av_iconfont='fontello' aria-hidden=\"true\"><\/span><\/div><article class=\"article-icon-entry av-iconlist-empty\"  itemscope=\"itemscope\" itemtype=\"https:\/\/schema.org\/CreativeWork\" ><div class=\"iconlist_content_wrap\"><header class=\"entry-content-header\" aria-label=\"Ic\u00f4ne : &lt;a href=&#039;http:\/\/www.rtc-ch.ch\/&#039; title=&#039;RTC-CH Russell Terrier Club&#039; target=&quot;_blank&quot;  rel=&quot;noopener noreferrer&quot;&gt;RTC-CH Russell Terrier Club&lt;\/a&gt;\"><h4 class='av_iconlist_title iconlist_title  '  itemprop=\"headline\" ><a href='http:\/\/www.rtc-ch.ch\/' title='RTC-CH Russell Terrier Club' target=\"_blank\"  rel=\"noopener noreferrer\">RTC-CH Russell Terrier Club<\/a><\/h4><\/header><div class='iconlist_content '  itemprop=\"text\" ><\/div><\/div><footer class=\"entry-footer\"><\/footer><\/article><div class=\"iconlist-timeline\"><\/div><\/li>\n<\/ul><\/div><\/div>\n","protected":false},"excerpt":{"rendered":"","protected":false},"author":1,"featured_media":0,"parent":6232,"menu_order":5,"comment_status":"closed","ping_status":"closed","template":"","meta":{"footnotes":""},"class_list":["post-6212","page","type-page","status-publish","hentry"],"yoast_head":"<!-- This site is optimized with the Yoast SEO plugin v27.4 - https:\/\/yoast.com\/product\/yoast-seo-wordpress\/ -->\n<title>Affiliations - &quot;of Summer Snow&quot;<\/title>\n<meta name=\"robots\" content=\"index, follow, max-snippet:-1, max-image-preview:large, max-video-preview:-1\" \/>\n<link rel=\"canonical\" href=\"https:\/\/ofsummersnow.ch\/fr\/elevage\/affiliations\/\" \/>\n<meta property=\"og:locale\" content=\"fr_FR\" \/>\n<meta property=\"og:type\" content=\"article\" \/>\n<meta property=\"og:title\" content=\"Affiliations - &quot;of Summer Snow&quot;\" \/>\n<meta property=\"og:url\" content=\"https:\/\/ofsummersnow.ch\/fr\/elevage\/affiliations\/\" \/>\n<meta property=\"og:site_name\" content=\"&quot;of Summer Snow&quot;\" \/>\n<meta property=\"article:publisher\" content=\"http:\/\/de-de.facebook.com\/eliane.althausmarti\/\" \/>\n<meta property=\"article:modified_time\" content=\"2021-03-23T15:17:02+00:00\" \/>\n<meta name=\"twitter:card\" content=\"summary_large_image\" \/>\n<meta name=\"twitter:label1\" content=\"Dur\u00e9e de lecture estim\u00e9e\" \/>\n\t<meta name=\"twitter:data1\" content=\"2 minutes\" \/>\n<script type=\"application\/ld+json\" class=\"yoast-schema-graph\">{\"@context\":\"https:\\\/\\\/schema.org\",\"@graph\":[{\"@type\":\"WebPage\",\"@id\":\"https:\\\/\\\/ofsummersnow.ch\\\/fr\\\/elevage\\\/affiliations\\\/\",\"url\":\"https:\\\/\\\/ofsummersnow.ch\\\/fr\\\/elevage\\\/affiliations\\\/\",\"name\":\"Affiliations - &quot;of Summer Snow&quot;\",\"isPartOf\":{\"@id\":\"https:\\\/\\\/ofsummersnow.ch\\\/fr\\\/#website\"},\"datePublished\":\"2018-03-18T11:59:57+00:00\",\"dateModified\":\"2021-03-23T15:17:02+00:00\",\"breadcrumb\":{\"@id\":\"https:\\\/\\\/ofsummersnow.ch\\\/fr\\\/elevage\\\/affiliations\\\/#breadcrumb\"},\"inLanguage\":\"fr-FR\",\"potentialAction\":[{\"@type\":\"ReadAction\",\"target\":[\"https:\\\/\\\/ofsummersnow.ch\\\/fr\\\/elevage\\\/affiliations\\\/\"]}]},{\"@type\":\"BreadcrumbList\",\"@id\":\"https:\\\/\\\/ofsummersnow.ch\\\/fr\\\/elevage\\\/affiliations\\\/#breadcrumb\",\"itemListElement\":[{\"@type\":\"ListItem\",\"position\":1,\"name\":\"Home\",\"item\":\"https:\\\/\\\/ofsummersnow.ch\\\/fr\\\/home\\\/\"},{\"@type\":\"ListItem\",\"position\":2,\"name\":\"\u00c9levage\",\"item\":\"https:\\\/\\\/ofsummersnow.ch\\\/fr\\\/zucht\\\/\"},{\"@type\":\"ListItem\",\"position\":3,\"name\":\"Affiliations\"}]},{\"@type\":\"WebSite\",\"@id\":\"https:\\\/\\\/ofsummersnow.ch\\\/fr\\\/#website\",\"url\":\"https:\\\/\\\/ofsummersnow.ch\\\/fr\\\/\",\"name\":\"&quot;of Summer Snow&quot;\",\"description\":\"Parson Russel Terrier-Zucht\",\"publisher\":{\"@id\":\"https:\\\/\\\/ofsummersnow.ch\\\/fr\\\/#organization\"},\"potentialAction\":[{\"@type\":\"SearchAction\",\"target\":{\"@type\":\"EntryPoint\",\"urlTemplate\":\"https:\\\/\\\/ofsummersnow.ch\\\/fr\\\/?s={search_term_string}\"},\"query-input\":{\"@type\":\"PropertyValueSpecification\",\"valueRequired\":true,\"valueName\":\"search_term_string\"}}],\"inLanguage\":\"fr-FR\"},{\"@type\":\"Organization\",\"@id\":\"https:\\\/\\\/ofsummersnow.ch\\\/fr\\\/#organization\",\"name\":\"&quot;of Summer Snow&quot;\",\"url\":\"https:\\\/\\\/ofsummersnow.ch\\\/fr\\\/\",\"logo\":{\"@type\":\"ImageObject\",\"inLanguage\":\"fr-FR\",\"@id\":\"https:\\\/\\\/ofsummersnow.ch\\\/fr\\\/#\\\/schema\\\/logo\\\/image\\\/\",\"url\":\"https:\\\/\\\/ofsummersnow.ch\\\/wp-content\\\/uploads\\\/2021\\\/03\\\/logo_Website2.png\",\"contentUrl\":\"https:\\\/\\\/ofsummersnow.ch\\\/wp-content\\\/uploads\\\/2021\\\/03\\\/logo_Website2.png\",\"width\":335,\"height\":63,\"caption\":\"&quot;of Summer Snow&quot;\"},\"image\":{\"@id\":\"https:\\\/\\\/ofsummersnow.ch\\\/fr\\\/#\\\/schema\\\/logo\\\/image\\\/\"},\"sameAs\":[\"http:\\\/\\\/de-de.facebook.com\\\/eliane.althausmarti\\\/\"]}]}<\/script>\n<!-- \/ Yoast SEO plugin. -->","yoast_head_json":{"title":"Affiliations - &quot;of Summer Snow&quot;","robots":{"index":"index","follow":"follow","max-snippet":"max-snippet:-1","max-image-preview":"max-image-preview:large","max-video-preview":"max-video-preview:-1"},"canonical":"https:\/\/ofsummersnow.ch\/fr\/elevage\/affiliations\/","og_locale":"fr_FR","og_type":"article","og_title":"Affiliations - &quot;of Summer Snow&quot;","og_url":"https:\/\/ofsummersnow.ch\/fr\/elevage\/affiliations\/","og_site_name":"&quot;of Summer Snow&quot;","article_publisher":"http:\/\/de-de.facebook.com\/eliane.althausmarti\/","article_modified_time":"2021-03-23T15:17:02+00:00","twitter_card":"summary_large_image","twitter_misc":{"Dur\u00e9e de lecture estim\u00e9e":"2 minutes"},"schema":{"@context":"https:\/\/schema.org","@graph":[{"@type":"WebPage","@id":"https:\/\/ofsummersnow.ch\/fr\/elevage\/affiliations\/","url":"https:\/\/ofsummersnow.ch\/fr\/elevage\/affiliations\/","name":"Affiliations - &quot;of Summer Snow&quot;","isPartOf":{"@id":"https:\/\/ofsummersnow.ch\/fr\/#website"},"datePublished":"2018-03-18T11:59:57+00:00","dateModified":"2021-03-23T15:17:02+00:00","breadcrumb":{"@id":"https:\/\/ofsummersnow.ch\/fr\/elevage\/affiliations\/#breadcrumb"},"inLanguage":"fr-FR","potentialAction":[{"@type":"ReadAction","target":["https:\/\/ofsummersnow.ch\/fr\/elevage\/affiliations\/"]}]},{"@type":"BreadcrumbList","@id":"https:\/\/ofsummersnow.ch\/fr\/elevage\/affiliations\/#breadcrumb","itemListElement":[{"@type":"ListItem","position":1,"name":"Home","item":"https:\/\/ofsummersnow.ch\/fr\/home\/"},{"@type":"ListItem","position":2,"name":"\u00c9levage","item":"https:\/\/ofsummersnow.ch\/fr\/zucht\/"},{"@type":"ListItem","position":3,"name":"Affiliations"}]},{"@type":"WebSite","@id":"https:\/\/ofsummersnow.ch\/fr\/#website","url":"https:\/\/ofsummersnow.ch\/fr\/","name":"&quot;of Summer Snow&quot;","description":"Parson Russel Terrier-Zucht","publisher":{"@id":"https:\/\/ofsummersnow.ch\/fr\/#organization"},"potentialAction":[{"@type":"SearchAction","target":{"@type":"EntryPoint","urlTemplate":"https:\/\/ofsummersnow.ch\/fr\/?s={search_term_string}"},"query-input":{"@type":"PropertyValueSpecification","valueRequired":true,"valueName":"search_term_string"}}],"inLanguage":"fr-FR"},{"@type":"Organization","@id":"https:\/\/ofsummersnow.ch\/fr\/#organization","name":"&quot;of Summer Snow&quot;","url":"https:\/\/ofsummersnow.ch\/fr\/","logo":{"@type":"ImageObject","inLanguage":"fr-FR","@id":"https:\/\/ofsummersnow.ch\/fr\/#\/schema\/logo\/image\/","url":"https:\/\/ofsummersnow.ch\/wp-content\/uploads\/2021\/03\/logo_Website2.png","contentUrl":"https:\/\/ofsummersnow.ch\/wp-content\/uploads\/2021\/03\/logo_Website2.png","width":335,"height":63,"caption":"&quot;of Summer Snow&quot;"},"image":{"@id":"https:\/\/ofsummersnow.ch\/fr\/#\/schema\/logo\/image\/"},"sameAs":["http:\/\/de-de.facebook.com\/eliane.althausmarti\/"]}]}},"_links":{"self":[{"href":"https:\/\/ofsummersnow.ch\/fr\/wp-json\/wp\/v2\/pages\/6212","targetHints":{"allow":["GET"]}}],"collection":[{"href":"https:\/\/ofsummersnow.ch\/fr\/wp-json\/wp\/v2\/pages"}],"about":[{"href":"https:\/\/ofsummersnow.ch\/fr\/wp-json\/wp\/v2\/types\/page"}],"author":[{"embeddable":true,"href":"https:\/\/ofsummersnow.ch\/fr\/wp-json\/wp\/v2\/users\/1"}],"replies":[{"embeddable":true,"href":"https:\/\/ofsummersnow.ch\/fr\/wp-json\/wp\/v2\/comments?post=6212"}],"version-history":[{"count":0,"href":"https:\/\/ofsummersnow.ch\/fr\/wp-json\/wp\/v2\/pages\/6212\/revisions"}],"up":[{"embeddable":true,"href":"https:\/\/ofsummersnow.ch\/fr\/wp-json\/wp\/v2\/pages\/6232"}],"wp:attachment":[{"href":"https:\/\/ofsummersnow.ch\/fr\/wp-json\/wp\/v2\/media?parent=6212"}],"curies":[{"name":"wp","href":"https:\/\/api.w.org\/{rel}","templated":true}]}}