{"id":6198,"date":"2018-03-18T22:41:56","date_gmt":"2018-03-18T21:41:56","guid":{"rendered":"http:\/\/new.ofsummersnow.ch\/liens\/"},"modified":"2023-06-19T09:29:42","modified_gmt":"2023-06-19T07:29:42","slug":"liens","status":"publish","type":"page","link":"https:\/\/ofsummersnow.ch\/fr\/liens\/","title":{"rendered":"Liens"},"content":{"rendered":"<div id='av_section_1'  class='avia-section av-h2wtrg-e3ffcd00c1014fdccafce1d1d729373c main_color avia-section-default avia-no-shadow  avia-builder-el-0  avia-builder-el-no-sibling  avia-bg-style-scroll container_wrap fullsize'  ><div class='container av-section-cont-open' ><main  role=\"main\" itemprop=\"mainContentOfPage\"  class='template-page content  av-content-full alpha units'><div class='post-entry post-entry-type-page post-entry-6198'><div class='entry-content-wrapper clearfix'>\n\n<style type=\"text\/css\" data-created_by=\"avia_inline_auto\" id=\"style-css-av-1jfd64-a501ca5bdad7860967cbd7645825b385\">\n.flex_column.av-1jfd64-a501ca5bdad7860967cbd7645825b385{\nborder-radius:0px 0px 0px 0px;\npadding:0px 0px 0px 0px;\n}\n<\/style>\n<div  class='flex_column av-1jfd64-a501ca5bdad7860967cbd7645825b385 av_one_half  avia-builder-el-1  el_before_av_one_half  avia-builder-el-first  first flex_column_div av-zero-column-padding  '     ><style type=\"text\/css\" data-created_by=\"avia_inline_auto\" id=\"style-css-av-eb9i8s-58e1daeb02e27b0256aae76ae9da2062\">\n#top .avia-icon-list-container.av-eb9i8s-58e1daeb02e27b0256aae76ae9da2062 .iconlist_icon{\nbackground-color:#635655;\n}\n<\/style>\n<div  class='avia-icon-list-container av-eb9i8s-58e1daeb02e27b0256aae76ae9da2062  avia-builder-el-2  avia-builder-el-no-sibling '><ul class='avia-icon-list avia_animate_when_almost_visible avia-icon-list-left av-iconlist-big av-eb9i8s-58e1daeb02e27b0256aae76ae9da2062 avia-iconlist-animate'>\n<li><div class='iconlist_icon av-c1l1rg-02ae32bf54dcc3ead7894fa358812d17 avia-font-fontello avia-iconfont avia-font-fontello'><span class='av-icon-char' data-av_icon='\uf1b0' data-av_iconfont='fontello' aria-hidden=\"true\"><\/span><\/div><article class=\"article-icon-entry av-iconlist-empty\"  itemscope=\"itemscope\" itemtype=\"https:\/\/schema.org\/CreativeWork\" ><div class=\"iconlist_content_wrap\"><header class=\"entry-content-header\" aria-label=\"Ic\u00f4ne : &lt;a href=&#039;http:\/\/www.russellterrierclub.ch\/&#039; title=&#039;Russell Terrier Club Suisse RTC-CH&#039; target=&quot;_blank&quot;  rel=&quot;noopener noreferrer&quot;&gt;Russell Terrier Club Suisse RTC-CH&lt;\/a&gt;\"><h4 class='av_iconlist_title iconlist_title  '  itemprop=\"headline\" ><a href='http:\/\/www.russellterrierclub.ch\/' title='Russell Terrier Club Suisse RTC-CH' target=\"_blank\"  rel=\"noopener noreferrer\">Russell Terrier Club Suisse RTC-CH<\/a><\/h4><\/header><div class='iconlist_content '  itemprop=\"text\" ><\/div><\/div><footer class=\"entry-footer\"><\/footer><\/article><div class=\"iconlist-timeline\"><\/div><\/li>\n<li><div class='iconlist_icon av-b3ejx8-9b66cf15674881fa1ce776db0db6dbd8 avia-font-fontello avia-iconfont avia-font-fontello'><span class='av-icon-char' data-av_icon='\uf1b0' data-av_iconfont='fontello' aria-hidden=\"true\"><\/span><\/div><article class=\"article-icon-entry av-iconlist-empty\"  itemscope=\"itemscope\" itemtype=\"https:\/\/schema.org\/CreativeWork\" ><div class=\"iconlist_content_wrap\"><header class=\"entry-content-header\" aria-label=\"Ic\u00f4ne : &lt;a href=&#039;https:\/\/www.skg.ch\/&#039; title=&#039;Soci\u00e9t\u00e9 Cynologique Suisse SCS&#039; target=&quot;_blank&quot;  rel=&quot;noopener noreferrer&quot;&gt;Soci\u00e9t\u00e9 Cynologique Suisse SCS&lt;\/a&gt;\"><h4 class='av_iconlist_title iconlist_title  '  itemprop=\"headline\" ><a href='https:\/\/www.skg.ch\/' title='Soci\u00e9t\u00e9 Cynologique Suisse SCS' target=\"_blank\"  rel=\"noopener noreferrer\">Soci\u00e9t\u00e9 Cynologique Suisse SCS<\/a><\/h4><\/header><div class='iconlist_content '  itemprop=\"text\" ><\/div><\/div><footer class=\"entry-footer\"><\/footer><\/article><div class=\"iconlist-timeline\"><\/div><\/li>\n<li><div class='iconlist_icon av-b3ejx8-3-89440ce4da337922363a0898ed4b6834 avia-font-fontello avia-iconfont avia-font-fontello'><span class='av-icon-char' data-av_icon='\uf1b0' data-av_iconfont='fontello' aria-hidden=\"true\"><\/span><\/div><article class=\"article-icon-entry av-iconlist-empty\"  itemscope=\"itemscope\" itemtype=\"https:\/\/schema.org\/CreativeWork\" ><div class=\"iconlist_content_wrap\"><header class=\"entry-content-header\" aria-label=\"Ic\u00f4ne : &lt;a href=&#039;https:\/\/www.chien.ch\/&#039; title=&#039;L\u2019Association Romande des \u00c9leveurs de Chiens de Race&#039; target=&quot;_blank&quot;  rel=&quot;noopener noreferrer&quot;&gt;L\u2019Association Romande des \u00c9leveurs de Chiens de Race&lt;\/a&gt;\"><h4 class='av_iconlist_title iconlist_title  '  itemprop=\"headline\" ><a href='https:\/\/www.chien.ch\/' title='L\u2019Association Romande des \u00c9leveurs de Chiens de Race' target=\"_blank\"  rel=\"noopener noreferrer\">L\u2019Association Romande des \u00c9leveurs de Chiens de Race<\/a><\/h4><\/header><div class='iconlist_content '  itemprop=\"text\" ><\/div><\/div><footer class=\"entry-footer\"><\/footer><\/article><div class=\"iconlist-timeline\"><\/div><\/li>\n<li><div class='iconlist_icon av-b3ejx8-2-3b785a75cd618818e121cca6cfc6c56a avia-font-fontello avia-iconfont avia-font-fontello'><span class='av-icon-char' data-av_icon='\uf1b0' data-av_iconfont='fontello' aria-hidden=\"true\"><\/span><\/div><article class=\"article-icon-entry av-iconlist-empty\"  itemscope=\"itemscope\" itemtype=\"https:\/\/schema.org\/CreativeWork\" ><div class=\"iconlist_content_wrap\"><header class=\"entry-content-header\" aria-label=\"Ic\u00f4ne : &lt;a href=&#039;https:\/\/www.wolfhound-club-schweiz.ch\/&#039; title=&#039;Irish Wolfhound Club Schweiz\/Suisse&#039; target=&quot;_blank&quot;  rel=&quot;noopener noreferrer&quot;&gt;Irish Wolfhound Club Schweiz\/Suisse&lt;\/a&gt;\"><h4 class='av_iconlist_title iconlist_title  '  itemprop=\"headline\" ><a href='https:\/\/www.wolfhound-club-schweiz.ch\/' title='Irish Wolfhound Club Schweiz\/Suisse' target=\"_blank\"  rel=\"noopener noreferrer\">Irish Wolfhound Club Schweiz\/Suisse<\/a><\/h4><\/header><div class='iconlist_content '  itemprop=\"text\" ><\/div><\/div><footer class=\"entry-footer\"><\/footer><\/article><div class=\"iconlist-timeline\"><\/div><\/li>\n<li><div class='iconlist_icon av-b3ejx8-2-1-7ce906bfced7a7153dfed424900996fc avia-font-fontello avia-iconfont avia-font-fontello'><span class='av-icon-char' data-av_icon='\uf1b0' data-av_iconfont='fontello' aria-hidden=\"true\"><\/span><\/div><article class=\"article-icon-entry av-iconlist-empty\"  itemscope=\"itemscope\" itemtype=\"https:\/\/schema.org\/CreativeWork\" ><div class=\"iconlist_content_wrap\"><header class=\"entry-content-header\" aria-label=\"Ic\u00f4ne : &lt;a href=&#039;https:\/\/www.kvbiel-cynobienne.ch\/&#039; title=&#039;Kynologischer Verein Biel und Umgebung&#039; target=&quot;_blank&quot;  rel=&quot;noopener noreferrer&quot;&gt;Kynologischer Verein Biel und Umgebung&lt;\/a&gt;\"><h4 class='av_iconlist_title iconlist_title  '  itemprop=\"headline\" ><a href='https:\/\/www.kvbiel-cynobienne.ch\/' title='Kynologischer Verein Biel und Umgebung' target=\"_blank\"  rel=\"noopener noreferrer\">Kynologischer Verein Biel und Umgebung<\/a><\/h4><\/header><div class='iconlist_content '  itemprop=\"text\" ><\/div><\/div><footer class=\"entry-footer\"><\/footer><\/article><div class=\"iconlist-timeline\"><\/div><\/li>\n<\/ul><\/div><\/div>\n<style type=\"text\/css\" data-created_by=\"avia_inline_auto\" id=\"style-css-av-90wspo-549ecd56e831dbb824c0953bd387b81a\">\n.flex_column.av-90wspo-549ecd56e831dbb824c0953bd387b81a{\nborder-radius:0px 0px 0px 0px;\npadding:0px 0px 0px 0px;\n}\n<\/style>\n<div  class='flex_column av-90wspo-549ecd56e831dbb824c0953bd387b81a av_one_half  avia-builder-el-3  el_after_av_one_half  avia-builder-el-last  flex_column_div av-zero-column-padding  '     ><style type=\"text\/css\" data-created_by=\"avia_inline_auto\" id=\"style-css-av-puju4-0ec4867cacb197d32bb7fa78828c53e4\">\n#top .avia-icon-list-container.av-puju4-0ec4867cacb197d32bb7fa78828c53e4 .iconlist_icon{\nbackground-color:#635655;\n}\n<\/style>\n<div  class='avia-icon-list-container av-puju4-0ec4867cacb197d32bb7fa78828c53e4  avia-builder-el-4  avia-builder-el-no-sibling '><ul class='avia-icon-list avia_animate_when_almost_visible avia-icon-list-left av-iconlist-big av-puju4-0ec4867cacb197d32bb7fa78828c53e4 avia-iconlist-animate'>\n<li><div class='iconlist_icon av-5ypocs-0c9f20ee67bb7744e1d0482157f53d82 avia-font-fontello avia-iconfont avia-font-fontello'><span class='av-icon-char' data-av_icon='\uf1b0' data-av_iconfont='fontello' aria-hidden=\"true\"><\/span><\/div><article class=\"article-icon-entry av-iconlist-empty\"  itemscope=\"itemscope\" itemtype=\"https:\/\/schema.org\/CreativeWork\" ><div class=\"iconlist_content_wrap\"><header class=\"entry-content-header\" aria-label=\"Ic\u00f4ne : &lt;a href=&#039;https:\/\/www.tfhwaldeck.ch&#039; title=&#039;\u00c9levage Russell Terrier de Lothar Sturm&#039; target=&quot;_blank&quot;  rel=&quot;noopener noreferrer&quot;&gt;\u00c9levage Russell Terrier de Lothar Sturm&lt;\/a&gt;\"><h4 class='av_iconlist_title iconlist_title  '  itemprop=\"headline\" ><a href='https:\/\/www.tfhwaldeck.ch' title='\u00c9levage Russell Terrier de Lothar Sturm' target=\"_blank\"  rel=\"noopener noreferrer\">\u00c9levage Russell Terrier de Lothar Sturm<\/a><\/h4><\/header><div class='iconlist_content '  itemprop=\"text\" ><\/div><\/div><footer class=\"entry-footer\"><\/footer><\/article><div class=\"iconlist-timeline\"><\/div><\/li>\n<li><div class='iconlist_icon av-cwl58-9856336b956bdae1d8a8c474ad2feb2f avia-font-fontello avia-iconfont avia-font-fontello'><span class='av-icon-char' data-av_icon='\uf1b0' data-av_iconfont='fontello' aria-hidden=\"true\"><\/span><\/div><article class=\"article-icon-entry av-iconlist-empty\"  itemscope=\"itemscope\" itemtype=\"https:\/\/schema.org\/CreativeWork\" ><div class=\"iconlist_content_wrap\"><header class=\"entry-content-header\" aria-label=\"Ic\u00f4ne : &lt;a href=&#039;http:\/\/www.elmsfordstar.ch\/&#039; title=&#039;\u00c9levage Parson Russell Terrier - Elmford Star, Esther Furrer&#039;&gt;\u00c9levage Parson Russell Terrier - Elmford Star, Esther Furrer&lt;\/a&gt;\"><h4 class='av_iconlist_title iconlist_title  '  itemprop=\"headline\" ><a href='http:\/\/www.elmsfordstar.ch\/' title='\u00c9levage Parson Russell Terrier - Elmford Star, Esther Furrer'>\u00c9levage Parson Russell Terrier - Elmford Star, Esther Furrer<\/a><\/h4><\/header><div class='iconlist_content '  itemprop=\"text\" ><\/div><\/div><footer class=\"entry-footer\"><\/footer><\/article><div class=\"iconlist-timeline\"><\/div><\/li>\n<li><div class='iconlist_icon av-2dawb0-c16d3a0cf68e4b6fc7207201ded999fa avia-font-fontello avia-iconfont avia-font-fontello'><span class='av-icon-char' data-av_icon='\uf1b0' data-av_iconfont='fontello' aria-hidden=\"true\"><\/span><\/div><article class=\"article-icon-entry av-iconlist-empty\"  itemscope=\"itemscope\" itemtype=\"https:\/\/schema.org\/CreativeWork\" ><div class=\"iconlist_content_wrap\"><header class=\"entry-content-header\" aria-label=\"Ic\u00f4ne : &lt;a href=&#039;https:\/\/www.natulity.ch\/&#039; title=&#039;\u00c9cole pour chiens - Andr\u00e9 K\u00e4nel&#039; target=&quot;_blank&quot;  rel=&quot;noopener noreferrer&quot;&gt;\u00c9cole pour chiens - Andr\u00e9 K\u00e4nel&lt;\/a&gt;\"><h4 class='av_iconlist_title iconlist_title  '  itemprop=\"headline\" ><a href='https:\/\/www.natulity.ch\/' title='\u00c9cole pour chiens - Andr\u00e9 K\u00e4nel' target=\"_blank\"  rel=\"noopener noreferrer\">\u00c9cole pour chiens - Andr\u00e9 K\u00e4nel<\/a><\/h4><\/header><div class='iconlist_content '  itemprop=\"text\" ><\/div><\/div><footer class=\"entry-footer\"><\/footer><\/article><div class=\"iconlist-timeline\"><\/div><\/li>\n<li><div class='iconlist_icon av-2dawb0-1-30a6d85bdc53da8ab9afdcc8510483cf avia-font-fontello avia-iconfont avia-font-fontello'><span class='av-icon-char' data-av_icon='\uf1b0' data-av_iconfont='fontello' aria-hidden=\"true\"><\/span><\/div><article class=\"article-icon-entry av-iconlist-empty\"  itemscope=\"itemscope\" itemtype=\"https:\/\/schema.org\/CreativeWork\" ><div class=\"iconlist_content_wrap\"><header class=\"entry-content-header\" aria-label=\"Ic\u00f4ne : &lt;a href=&#039;https:\/\/www.hzf.dog&#039; title=&#039;Hundezentrum Frienisberg - Andr\u00e9 K\u00e4nel&#039; target=&quot;_blank&quot;  rel=&quot;noopener noreferrer&quot;&gt;Hundezentrum Frienisberg - Andr\u00e9 K\u00e4nel&lt;\/a&gt;\"><h4 class='av_iconlist_title iconlist_title  '  itemprop=\"headline\" ><a href='https:\/\/www.hzf.dog' title='Hundezentrum Frienisberg - Andr\u00e9 K\u00e4nel' target=\"_blank\"  rel=\"noopener noreferrer\">Hundezentrum Frienisberg - Andr\u00e9 K\u00e4nel<\/a><\/h4><\/header><div class='iconlist_content '  itemprop=\"text\" ><\/div><\/div><footer class=\"entry-footer\"><\/footer><\/article><div class=\"iconlist-timeline\"><\/div><\/li>\n<\/ul><\/div><\/div>\n","protected":false},"excerpt":{"rendered":"","protected":false},"author":1,"featured_media":0,"parent":0,"menu_order":6,"comment_status":"closed","ping_status":"closed","template":"","meta":{"footnotes":""},"class_list":["post-6198","page","type-page","status-publish","hentry"],"yoast_head":"<!-- This site is optimized with the Yoast SEO plugin v27.4 - https:\/\/yoast.com\/product\/yoast-seo-wordpress\/ -->\n<title>Liens - &quot;of Summer Snow&quot;<\/title>\n<meta name=\"robots\" content=\"index, follow, max-snippet:-1, max-image-preview:large, max-video-preview:-1\" \/>\n<link rel=\"canonical\" href=\"https:\/\/ofsummersnow.ch\/fr\/liens\/\" \/>\n<meta property=\"og:locale\" content=\"fr_FR\" \/>\n<meta property=\"og:type\" content=\"article\" \/>\n<meta property=\"og:title\" content=\"Liens - &quot;of Summer Snow&quot;\" \/>\n<meta property=\"og:url\" content=\"https:\/\/ofsummersnow.ch\/fr\/liens\/\" \/>\n<meta property=\"og:site_name\" content=\"&quot;of Summer Snow&quot;\" \/>\n<meta property=\"article:publisher\" content=\"http:\/\/de-de.facebook.com\/eliane.althausmarti\/\" \/>\n<meta property=\"article:modified_time\" content=\"2023-06-19T07:29:42+00:00\" \/>\n<meta name=\"twitter:card\" content=\"summary_large_image\" \/>\n<meta name=\"twitter:label1\" content=\"Dur\u00e9e de lecture estim\u00e9e\" \/>\n\t<meta name=\"twitter:data1\" content=\"4 minutes\" \/>\n<script type=\"application\/ld+json\" class=\"yoast-schema-graph\">{\"@context\":\"https:\\\/\\\/schema.org\",\"@graph\":[{\"@type\":\"WebPage\",\"@id\":\"https:\\\/\\\/ofsummersnow.ch\\\/fr\\\/liens\\\/\",\"url\":\"https:\\\/\\\/ofsummersnow.ch\\\/fr\\\/liens\\\/\",\"name\":\"Liens - &quot;of Summer Snow&quot;\",\"isPartOf\":{\"@id\":\"https:\\\/\\\/ofsummersnow.ch\\\/fr\\\/#website\"},\"datePublished\":\"2018-03-18T21:41:56+00:00\",\"dateModified\":\"2023-06-19T07:29:42+00:00\",\"breadcrumb\":{\"@id\":\"https:\\\/\\\/ofsummersnow.ch\\\/fr\\\/liens\\\/#breadcrumb\"},\"inLanguage\":\"fr-FR\",\"potentialAction\":[{\"@type\":\"ReadAction\",\"target\":[\"https:\\\/\\\/ofsummersnow.ch\\\/fr\\\/liens\\\/\"]}]},{\"@type\":\"BreadcrumbList\",\"@id\":\"https:\\\/\\\/ofsummersnow.ch\\\/fr\\\/liens\\\/#breadcrumb\",\"itemListElement\":[{\"@type\":\"ListItem\",\"position\":1,\"name\":\"Home\",\"item\":\"https:\\\/\\\/ofsummersnow.ch\\\/fr\\\/home\\\/\"},{\"@type\":\"ListItem\",\"position\":2,\"name\":\"Liens\"}]},{\"@type\":\"WebSite\",\"@id\":\"https:\\\/\\\/ofsummersnow.ch\\\/fr\\\/#website\",\"url\":\"https:\\\/\\\/ofsummersnow.ch\\\/fr\\\/\",\"name\":\"&quot;of Summer Snow&quot;\",\"description\":\"Parson Russel Terrier-Zucht\",\"publisher\":{\"@id\":\"https:\\\/\\\/ofsummersnow.ch\\\/fr\\\/#organization\"},\"potentialAction\":[{\"@type\":\"SearchAction\",\"target\":{\"@type\":\"EntryPoint\",\"urlTemplate\":\"https:\\\/\\\/ofsummersnow.ch\\\/fr\\\/?s={search_term_string}\"},\"query-input\":{\"@type\":\"PropertyValueSpecification\",\"valueRequired\":true,\"valueName\":\"search_term_string\"}}],\"inLanguage\":\"fr-FR\"},{\"@type\":\"Organization\",\"@id\":\"https:\\\/\\\/ofsummersnow.ch\\\/fr\\\/#organization\",\"name\":\"&quot;of Summer Snow&quot;\",\"url\":\"https:\\\/\\\/ofsummersnow.ch\\\/fr\\\/\",\"logo\":{\"@type\":\"ImageObject\",\"inLanguage\":\"fr-FR\",\"@id\":\"https:\\\/\\\/ofsummersnow.ch\\\/fr\\\/#\\\/schema\\\/logo\\\/image\\\/\",\"url\":\"https:\\\/\\\/ofsummersnow.ch\\\/wp-content\\\/uploads\\\/2021\\\/03\\\/logo_Website2.png\",\"contentUrl\":\"https:\\\/\\\/ofsummersnow.ch\\\/wp-content\\\/uploads\\\/2021\\\/03\\\/logo_Website2.png\",\"width\":335,\"height\":63,\"caption\":\"&quot;of Summer Snow&quot;\"},\"image\":{\"@id\":\"https:\\\/\\\/ofsummersnow.ch\\\/fr\\\/#\\\/schema\\\/logo\\\/image\\\/\"},\"sameAs\":[\"http:\\\/\\\/de-de.facebook.com\\\/eliane.althausmarti\\\/\"]}]}<\/script>\n<!-- \/ Yoast SEO plugin. -->","yoast_head_json":{"title":"Liens - &quot;of Summer Snow&quot;","robots":{"index":"index","follow":"follow","max-snippet":"max-snippet:-1","max-image-preview":"max-image-preview:large","max-video-preview":"max-video-preview:-1"},"canonical":"https:\/\/ofsummersnow.ch\/fr\/liens\/","og_locale":"fr_FR","og_type":"article","og_title":"Liens - &quot;of Summer Snow&quot;","og_url":"https:\/\/ofsummersnow.ch\/fr\/liens\/","og_site_name":"&quot;of Summer Snow&quot;","article_publisher":"http:\/\/de-de.facebook.com\/eliane.althausmarti\/","article_modified_time":"2023-06-19T07:29:42+00:00","twitter_card":"summary_large_image","twitter_misc":{"Dur\u00e9e de lecture estim\u00e9e":"4 minutes"},"schema":{"@context":"https:\/\/schema.org","@graph":[{"@type":"WebPage","@id":"https:\/\/ofsummersnow.ch\/fr\/liens\/","url":"https:\/\/ofsummersnow.ch\/fr\/liens\/","name":"Liens - &quot;of Summer Snow&quot;","isPartOf":{"@id":"https:\/\/ofsummersnow.ch\/fr\/#website"},"datePublished":"2018-03-18T21:41:56+00:00","dateModified":"2023-06-19T07:29:42+00:00","breadcrumb":{"@id":"https:\/\/ofsummersnow.ch\/fr\/liens\/#breadcrumb"},"inLanguage":"fr-FR","potentialAction":[{"@type":"ReadAction","target":["https:\/\/ofsummersnow.ch\/fr\/liens\/"]}]},{"@type":"BreadcrumbList","@id":"https:\/\/ofsummersnow.ch\/fr\/liens\/#breadcrumb","itemListElement":[{"@type":"ListItem","position":1,"name":"Home","item":"https:\/\/ofsummersnow.ch\/fr\/home\/"},{"@type":"ListItem","position":2,"name":"Liens"}]},{"@type":"WebSite","@id":"https:\/\/ofsummersnow.ch\/fr\/#website","url":"https:\/\/ofsummersnow.ch\/fr\/","name":"&quot;of Summer Snow&quot;","description":"Parson Russel Terrier-Zucht","publisher":{"@id":"https:\/\/ofsummersnow.ch\/fr\/#organization"},"potentialAction":[{"@type":"SearchAction","target":{"@type":"EntryPoint","urlTemplate":"https:\/\/ofsummersnow.ch\/fr\/?s={search_term_string}"},"query-input":{"@type":"PropertyValueSpecification","valueRequired":true,"valueName":"search_term_string"}}],"inLanguage":"fr-FR"},{"@type":"Organization","@id":"https:\/\/ofsummersnow.ch\/fr\/#organization","name":"&quot;of Summer Snow&quot;","url":"https:\/\/ofsummersnow.ch\/fr\/","logo":{"@type":"ImageObject","inLanguage":"fr-FR","@id":"https:\/\/ofsummersnow.ch\/fr\/#\/schema\/logo\/image\/","url":"https:\/\/ofsummersnow.ch\/wp-content\/uploads\/2021\/03\/logo_Website2.png","contentUrl":"https:\/\/ofsummersnow.ch\/wp-content\/uploads\/2021\/03\/logo_Website2.png","width":335,"height":63,"caption":"&quot;of Summer Snow&quot;"},"image":{"@id":"https:\/\/ofsummersnow.ch\/fr\/#\/schema\/logo\/image\/"},"sameAs":["http:\/\/de-de.facebook.com\/eliane.althausmarti\/"]}]}},"_links":{"self":[{"href":"https:\/\/ofsummersnow.ch\/fr\/wp-json\/wp\/v2\/pages\/6198","targetHints":{"allow":["GET"]}}],"collection":[{"href":"https:\/\/ofsummersnow.ch\/fr\/wp-json\/wp\/v2\/pages"}],"about":[{"href":"https:\/\/ofsummersnow.ch\/fr\/wp-json\/wp\/v2\/types\/page"}],"author":[{"embeddable":true,"href":"https:\/\/ofsummersnow.ch\/fr\/wp-json\/wp\/v2\/users\/1"}],"replies":[{"embeddable":true,"href":"https:\/\/ofsummersnow.ch\/fr\/wp-json\/wp\/v2\/comments?post=6198"}],"version-history":[{"count":0,"href":"https:\/\/ofsummersnow.ch\/fr\/wp-json\/wp\/v2\/pages\/6198\/revisions"}],"wp:attachment":[{"href":"https:\/\/ofsummersnow.ch\/fr\/wp-json\/wp\/v2\/media?parent=6198"}],"curies":[{"name":"wp","href":"https:\/\/api.w.org\/{rel}","templated":true}]}}