{"id":6186,"date":"2018-03-18T22:19:13","date_gmt":"2018-03-18T21:19:13","guid":{"rendered":"http:\/\/new.ofsummersnow.ch\/contact\/"},"modified":"2021-04-06T19:11:37","modified_gmt":"2021-04-06T17:11:37","slug":"contact","status":"publish","type":"page","link":"https:\/\/ofsummersnow.ch\/fr\/a-propos-de-nous\/contact\/","title":{"rendered":"Contact"},"content":{"rendered":"\n<style type=\"text\/css\" data-created_by=\"avia_inline_auto\" id=\"style-css-av-q68qfd-bb943ee6cca6121e28f328c46b21a72d\">\n.flex_column.av-q68qfd-bb943ee6cca6121e28f328c46b21a72d{\nborder-radius:0px 0px 0px 0px;\npadding:0px 0px 0px 0px;\n}\n<\/style>\n<div  class='flex_column av-q68qfd-bb943ee6cca6121e28f328c46b21a72d av_one_full  avia-builder-el-0  el_before_av_one_third  avia-builder-el-first  first flex_column_div av-zero-column-padding  '     ><section  class='av_textblock_section av-nz10e1-fb2afa7ff822d518c14876ea6fde7533 '   itemscope=\"itemscope\" itemtype=\"https:\/\/schema.org\/CreativeWork\" ><div class='avia_textblock'  itemprop=\"text\" ><address>\u00a0<\/address>\n<\/div><\/section><\/div>\n\n<style type=\"text\/css\" data-created_by=\"avia_inline_auto\" id=\"style-css-av-lv18qh-4f6ff18e9a86b2e2f025ec5ce8ec3e43\">\n.flex_column.av-lv18qh-4f6ff18e9a86b2e2f025ec5ce8ec3e43{\nborder-radius:0px 0px 0px 0px;\npadding:0px 0px 0px 0px;\n}\n<\/style>\n<div  class='flex_column av-lv18qh-4f6ff18e9a86b2e2f025ec5ce8ec3e43 av_one_third  avia-builder-el-2  el_after_av_one_full  el_before_av_one_third  first flex_column_div av-zero-column-padding  column-top-margin'     ><section  class='av_textblock_section av-kwlbe1-3156bad2717397b6cfd55f9d739ac905 '   itemscope=\"itemscope\" itemtype=\"https:\/\/schema.org\/CreativeWork\" ><div class='avia_textblock'  itemprop=\"text\" ><p>Eliane Althaus-Marti<br \/>\nPfaffenmattweg 15<br \/>\n2572 Sutz<br \/>\nSuisse<\/p>\n<\/div><\/section><\/div>\n\n<style type=\"text\/css\" data-created_by=\"avia_inline_auto\" id=\"style-css-av-lv18qh-512714916c38765b3a813cae8cd893c5\">\n.flex_column.av-lv18qh-512714916c38765b3a813cae8cd893c5{\nborder-radius:0px 0px 0px 0px;\npadding:0px 0px 0px 0px;\n}\n<\/style>\n<div  class='flex_column av-lv18qh-512714916c38765b3a813cae8cd893c5 av_one_third  avia-builder-el-4  el_after_av_one_third  el_before_av_one_third  flex_column_div av-zero-column-padding  column-top-margin'     ><div  class='av_gmaps_sc_main_wrap av_gmaps_main_wrap '><div id='av_gmap_0' class='avia-google-map-container avia-google-map-sc av_gmaps_show_unconditionally av-no-fallback-img ' data-mapid='av_gmap_0'  style='height: 250px;'><a class=\"av_gmaps_browser_disabled av_text_confirm_link av_text_confirm_link_visible\" href=\"https:\/\/www.google.com\/maps\/search\/?api=1&#038;query=Pfaffenmattweg%2015%20%202572%20Sutz%20%20Suisse\" target=\"_blank\">Les cartes ont \u00e9t\u00e9 d\u00e9sactiv\u00e9es par le visiteur sur ce site. Cliquer pour ouvrir la carte dans une nouvelle fen\u00eatre.<\/a><\/div><\/div><\/div>\n\n<style type=\"text\/css\" data-created_by=\"avia_inline_auto\" id=\"style-css-av-ixqayx-939cce6298988312119a5cc766a255cc\">\n.flex_column.av-ixqayx-939cce6298988312119a5cc766a255cc{\nborder-radius:0px 0px 0px 0px;\npadding:0px 0px 0px 0px;\n}\n<\/style>\n<div  class='flex_column av-ixqayx-939cce6298988312119a5cc766a255cc av_one_third  avia-builder-el-6  el_after_av_one_third  el_before_av_one_full  flex_column_div av-zero-column-padding  column-top-margin'     ><section  class='av_textblock_section av-hmnk61-e078add7da50f61fa21277f5664b2ec1 '   itemscope=\"itemscope\" itemtype=\"https:\/\/schema.org\/CreativeWork\" ><div class='avia_textblock'  itemprop=\"text\" ><p>T\u00e9l\u00e9phone: +41 (0) 32 397 17 70<br \/>\nMobile: +41 (0) 79 240 37 40<\/p>\n<p><a href=\"mailto:info@ofsummersnow.ch\">info@ofsummersnow.ch<\/a><\/p>\n<\/div><\/section><\/div>\n\n<style type=\"text\/css\" data-created_by=\"avia_inline_auto\" id=\"style-css-av-fx3rnd-a5a23ddf71ed152333ddc72bbaa43784\">\n.flex_column.av-fx3rnd-a5a23ddf71ed152333ddc72bbaa43784{\nborder-radius:0px 0px 0px 0px;\npadding:0px 0px 0px 0px;\n}\n<\/style>\n<div  class='flex_column av-fx3rnd-a5a23ddf71ed152333ddc72bbaa43784 av_one_full  avia-builder-el-8  el_after_av_one_third  avia-builder-el-last  first flex_column_div av-zero-column-padding  column-top-margin'     ><form action=\"https:\/\/ofsummersnow.ch\/fr\/a-propos-de-nous\/contact\/\" method=\"post\" data-fields-with-error=\"Erreurs trouv\u00e9es dans les champs suivants :\" class=\"avia_ajax_form av-form-labels-visible   avia-builder-el-9  avia-builder-el-no-sibling   \" data-avia-form-id=\"1\" data-avia-redirect='' ><h3 class=''>Envoyez-nous un message<\/h3><fieldset><p class='  first_form  form_element form_element_half' id='element_avia_1_1'><label for=\"avia_1_1\">Nom <abbr class=\"required\" title=\"requis(e)\">*<\/abbr><\/label> <input name=\"avia_1_1\" class=\"text_input is_empty\" type=\"text\" id=\"avia_1_1\" value=\"\" \/><\/p><p class='  form_element form_element_half' id='element_avia_2_1'><label for=\"avia_2_1\">Pr\u00e9nom <abbr class=\"required\" title=\"requis(e)\">*<\/abbr><\/label> <input name=\"avia_2_1\" class=\"text_input is_empty\" type=\"text\" id=\"avia_2_1\" value=\"\" \/><\/p><p class='  first_form  form_element form_element_half' id='element_avia_3_1'><label for=\"avia_3_1\">Adresse <abbr class=\"required\" title=\"requis(e)\">*<\/abbr><\/label> <input name=\"avia_3_1\" class=\"text_input is_empty\" type=\"text\" id=\"avia_3_1\" value=\"\" \/><\/p><p class='  form_element form_element_half' id='element_avia_4_1'><label for=\"avia_4_1\">Code Postal\/Lieu <abbr class=\"required\" title=\"requis(e)\">*<\/abbr><\/label> <input name=\"avia_4_1\" class=\"text_input is_empty\" type=\"text\" id=\"avia_4_1\" value=\"\" \/><\/p><p class='  first_form  form_element form_element_half' id='element_avia_5_1'><label for=\"avia_5_1\">e-mail <abbr class=\"required\" title=\"requis(e)\">*<\/abbr><\/label> <input name=\"avia_5_1\" class=\"text_input is_email\" type=\"text\" id=\"avia_5_1\" value=\"\" \/><\/p><p class='  form_element form_element_half' id='element_avia_6_1'><label for=\"avia_6_1\">T\u00e9l\u00e9phone <abbr class=\"required\" title=\"requis(e)\">*<\/abbr><\/label> <input name=\"avia_6_1\" class=\"text_input is_phone\" type=\"text\" id=\"avia_6_1\" value=\"\" \/><\/p><p class='  first_form  form_element form_fullwidth' id='element_avia_7_1'><label for=\"avia_7_1\" class=\"textare_label hidden textare_label_avia_7_1\">Message <abbr class=\"required\" title=\"requis(e)\">*<\/abbr><\/label><textarea  name=\"avia_7_1\" class=\"text_area is_empty\" cols=\"40\" rows=\"7\" id=\"avia_7_1\" ><\/textarea><\/p><p class=\"hidden\"><input type=\"text\" name=\"avia_8_1\" class=\"hidden \" id=\"avia_8_1\" value=\"\" \/><\/p><div id='avia_9_1' class='av-recaptcha-area  first_form  form_element form_fullwidth '  data-container_class=\"\" data-custom_class=\"\" data-context=\"av_contact_form\" data-token_input=\"av_recaptcha_token\" data-version=\"avia_recaptcha_v3\" data-theme=\"light\" data-size=\"normal\" data-score=\"0.5\" data-text_to_preview=\"\" data-value=\"\"><div class=\"av-google-badge-message\">Cette page est prot\u00e9g\u00e9e par reCAPTCHA et la <a href=\"https:\/\/policies.google.com\/privacy\" target=\"_blank\">politique de confidentialit\u00e9<\/a> et les <a href=\"https:\/\/policies.google.com\/terms\" target=\"_blank\">conditions d'utilisation<\/a> de Google s'appliquent.<\/div><\/div><p class=\"form_element \"><input type=\"hidden\" value=\"1\" name=\"avia_generated_form1\" \/><input type=\"submit\" value=\"Envoyer\" class=\"button\"  data-sending-label=\"Envoi\"\/><\/p><\/fieldset><div class=\"avia-disabled-form\">Ce formulaire est d\u00e9sactiv\u00e9 dans la mesure o\u00f9 vous refusez d\u2019accepter le service Google reCAPTCHA n\u00e9cessaire pour valider toute exp\u00e9dition de message depuis celui-ci.<\/div><\/form><div id=\"ajaxresponse_1\" class=\"ajaxresponse ajaxresponse_1 hidden\"><\/div><\/div>\n","protected":false},"excerpt":{"rendered":"","protected":false},"author":1,"featured_media":0,"parent":6228,"menu_order":0,"comment_status":"closed","ping_status":"closed","template":"","meta":{"footnotes":""},"class_list":["post-6186","page","type-page","status-publish","hentry"],"yoast_head":"<!-- This site is optimized with the Yoast SEO plugin v27.4 - https:\/\/yoast.com\/product\/yoast-seo-wordpress\/ -->\n<title>Contact - &quot;of Summer Snow&quot;<\/title>\n<meta name=\"robots\" content=\"index, follow, max-snippet:-1, max-image-preview:large, max-video-preview:-1\" \/>\n<link rel=\"canonical\" href=\"https:\/\/ofsummersnow.ch\/fr\/a-propos-de-nous\/contact\/\" \/>\n<meta property=\"og:locale\" content=\"fr_FR\" \/>\n<meta property=\"og:type\" content=\"article\" \/>\n<meta property=\"og:title\" content=\"Contact - &quot;of Summer Snow&quot;\" \/>\n<meta property=\"og:url\" content=\"https:\/\/ofsummersnow.ch\/fr\/a-propos-de-nous\/contact\/\" \/>\n<meta property=\"og:site_name\" content=\"&quot;of Summer Snow&quot;\" \/>\n<meta property=\"article:publisher\" content=\"http:\/\/de-de.facebook.com\/eliane.althausmarti\/\" \/>\n<meta property=\"article:modified_time\" content=\"2021-04-06T17:11:37+00:00\" \/>\n<meta name=\"twitter:card\" content=\"summary_large_image\" \/>\n<meta name=\"twitter:label1\" content=\"Dur\u00e9e de lecture estim\u00e9e\" \/>\n\t<meta name=\"twitter:data1\" content=\"4 minutes\" \/>\n<script type=\"application\/ld+json\" class=\"yoast-schema-graph\">{\"@context\":\"https:\\\/\\\/schema.org\",\"@graph\":[{\"@type\":\"WebPage\",\"@id\":\"https:\\\/\\\/ofsummersnow.ch\\\/fr\\\/a-propos-de-nous\\\/contact\\\/\",\"url\":\"https:\\\/\\\/ofsummersnow.ch\\\/fr\\\/a-propos-de-nous\\\/contact\\\/\",\"name\":\"Contact - &quot;of Summer Snow&quot;\",\"isPartOf\":{\"@id\":\"https:\\\/\\\/ofsummersnow.ch\\\/fr\\\/#website\"},\"datePublished\":\"2018-03-18T21:19:13+00:00\",\"dateModified\":\"2021-04-06T17:11:37+00:00\",\"breadcrumb\":{\"@id\":\"https:\\\/\\\/ofsummersnow.ch\\\/fr\\\/a-propos-de-nous\\\/contact\\\/#breadcrumb\"},\"inLanguage\":\"fr-FR\",\"potentialAction\":[{\"@type\":\"ReadAction\",\"target\":[\"https:\\\/\\\/ofsummersnow.ch\\\/fr\\\/a-propos-de-nous\\\/contact\\\/\"]}]},{\"@type\":\"BreadcrumbList\",\"@id\":\"https:\\\/\\\/ofsummersnow.ch\\\/fr\\\/a-propos-de-nous\\\/contact\\\/#breadcrumb\",\"itemListElement\":[{\"@type\":\"ListItem\",\"position\":1,\"name\":\"Home\",\"item\":\"https:\\\/\\\/ofsummersnow.ch\\\/fr\\\/home\\\/\"},{\"@type\":\"ListItem\",\"position\":2,\"name\":\"A propos de nous\",\"item\":\"https:\\\/\\\/ofsummersnow.ch\\\/fr\\\/ueber-uns\\\/\"},{\"@type\":\"ListItem\",\"position\":3,\"name\":\"Contact\"}]},{\"@type\":\"WebSite\",\"@id\":\"https:\\\/\\\/ofsummersnow.ch\\\/fr\\\/#website\",\"url\":\"https:\\\/\\\/ofsummersnow.ch\\\/fr\\\/\",\"name\":\"&quot;of Summer Snow&quot;\",\"description\":\"Parson Russel Terrier-Zucht\",\"publisher\":{\"@id\":\"https:\\\/\\\/ofsummersnow.ch\\\/fr\\\/#organization\"},\"potentialAction\":[{\"@type\":\"SearchAction\",\"target\":{\"@type\":\"EntryPoint\",\"urlTemplate\":\"https:\\\/\\\/ofsummersnow.ch\\\/fr\\\/?s={search_term_string}\"},\"query-input\":{\"@type\":\"PropertyValueSpecification\",\"valueRequired\":true,\"valueName\":\"search_term_string\"}}],\"inLanguage\":\"fr-FR\"},{\"@type\":\"Organization\",\"@id\":\"https:\\\/\\\/ofsummersnow.ch\\\/fr\\\/#organization\",\"name\":\"&quot;of Summer Snow&quot;\",\"url\":\"https:\\\/\\\/ofsummersnow.ch\\\/fr\\\/\",\"logo\":{\"@type\":\"ImageObject\",\"inLanguage\":\"fr-FR\",\"@id\":\"https:\\\/\\\/ofsummersnow.ch\\\/fr\\\/#\\\/schema\\\/logo\\\/image\\\/\",\"url\":\"https:\\\/\\\/ofsummersnow.ch\\\/wp-content\\\/uploads\\\/2021\\\/03\\\/logo_Website2.png\",\"contentUrl\":\"https:\\\/\\\/ofsummersnow.ch\\\/wp-content\\\/uploads\\\/2021\\\/03\\\/logo_Website2.png\",\"width\":335,\"height\":63,\"caption\":\"&quot;of Summer Snow&quot;\"},\"image\":{\"@id\":\"https:\\\/\\\/ofsummersnow.ch\\\/fr\\\/#\\\/schema\\\/logo\\\/image\\\/\"},\"sameAs\":[\"http:\\\/\\\/de-de.facebook.com\\\/eliane.althausmarti\\\/\"]}]}<\/script>\n<!-- \/ Yoast SEO plugin. -->","yoast_head_json":{"title":"Contact - &quot;of Summer Snow&quot;","robots":{"index":"index","follow":"follow","max-snippet":"max-snippet:-1","max-image-preview":"max-image-preview:large","max-video-preview":"max-video-preview:-1"},"canonical":"https:\/\/ofsummersnow.ch\/fr\/a-propos-de-nous\/contact\/","og_locale":"fr_FR","og_type":"article","og_title":"Contact - &quot;of Summer Snow&quot;","og_url":"https:\/\/ofsummersnow.ch\/fr\/a-propos-de-nous\/contact\/","og_site_name":"&quot;of Summer Snow&quot;","article_publisher":"http:\/\/de-de.facebook.com\/eliane.althausmarti\/","article_modified_time":"2021-04-06T17:11:37+00:00","twitter_card":"summary_large_image","twitter_misc":{"Dur\u00e9e de lecture estim\u00e9e":"4 minutes"},"schema":{"@context":"https:\/\/schema.org","@graph":[{"@type":"WebPage","@id":"https:\/\/ofsummersnow.ch\/fr\/a-propos-de-nous\/contact\/","url":"https:\/\/ofsummersnow.ch\/fr\/a-propos-de-nous\/contact\/","name":"Contact - &quot;of Summer Snow&quot;","isPartOf":{"@id":"https:\/\/ofsummersnow.ch\/fr\/#website"},"datePublished":"2018-03-18T21:19:13+00:00","dateModified":"2021-04-06T17:11:37+00:00","breadcrumb":{"@id":"https:\/\/ofsummersnow.ch\/fr\/a-propos-de-nous\/contact\/#breadcrumb"},"inLanguage":"fr-FR","potentialAction":[{"@type":"ReadAction","target":["https:\/\/ofsummersnow.ch\/fr\/a-propos-de-nous\/contact\/"]}]},{"@type":"BreadcrumbList","@id":"https:\/\/ofsummersnow.ch\/fr\/a-propos-de-nous\/contact\/#breadcrumb","itemListElement":[{"@type":"ListItem","position":1,"name":"Home","item":"https:\/\/ofsummersnow.ch\/fr\/home\/"},{"@type":"ListItem","position":2,"name":"A propos de nous","item":"https:\/\/ofsummersnow.ch\/fr\/ueber-uns\/"},{"@type":"ListItem","position":3,"name":"Contact"}]},{"@type":"WebSite","@id":"https:\/\/ofsummersnow.ch\/fr\/#website","url":"https:\/\/ofsummersnow.ch\/fr\/","name":"&quot;of Summer Snow&quot;","description":"Parson Russel Terrier-Zucht","publisher":{"@id":"https:\/\/ofsummersnow.ch\/fr\/#organization"},"potentialAction":[{"@type":"SearchAction","target":{"@type":"EntryPoint","urlTemplate":"https:\/\/ofsummersnow.ch\/fr\/?s={search_term_string}"},"query-input":{"@type":"PropertyValueSpecification","valueRequired":true,"valueName":"search_term_string"}}],"inLanguage":"fr-FR"},{"@type":"Organization","@id":"https:\/\/ofsummersnow.ch\/fr\/#organization","name":"&quot;of Summer Snow&quot;","url":"https:\/\/ofsummersnow.ch\/fr\/","logo":{"@type":"ImageObject","inLanguage":"fr-FR","@id":"https:\/\/ofsummersnow.ch\/fr\/#\/schema\/logo\/image\/","url":"https:\/\/ofsummersnow.ch\/wp-content\/uploads\/2021\/03\/logo_Website2.png","contentUrl":"https:\/\/ofsummersnow.ch\/wp-content\/uploads\/2021\/03\/logo_Website2.png","width":335,"height":63,"caption":"&quot;of Summer Snow&quot;"},"image":{"@id":"https:\/\/ofsummersnow.ch\/fr\/#\/schema\/logo\/image\/"},"sameAs":["http:\/\/de-de.facebook.com\/eliane.althausmarti\/"]}]}},"_links":{"self":[{"href":"https:\/\/ofsummersnow.ch\/fr\/wp-json\/wp\/v2\/pages\/6186","targetHints":{"allow":["GET"]}}],"collection":[{"href":"https:\/\/ofsummersnow.ch\/fr\/wp-json\/wp\/v2\/pages"}],"about":[{"href":"https:\/\/ofsummersnow.ch\/fr\/wp-json\/wp\/v2\/types\/page"}],"author":[{"embeddable":true,"href":"https:\/\/ofsummersnow.ch\/fr\/wp-json\/wp\/v2\/users\/1"}],"replies":[{"embeddable":true,"href":"https:\/\/ofsummersnow.ch\/fr\/wp-json\/wp\/v2\/comments?post=6186"}],"version-history":[{"count":0,"href":"https:\/\/ofsummersnow.ch\/fr\/wp-json\/wp\/v2\/pages\/6186\/revisions"}],"up":[{"embeddable":true,"href":"https:\/\/ofsummersnow.ch\/fr\/wp-json\/wp\/v2\/pages\/6228"}],"wp:attachment":[{"href":"https:\/\/ofsummersnow.ch\/fr\/wp-json\/wp\/v2\/media?parent=6186"}],"curies":[{"name":"wp","href":"https:\/\/api.w.org\/{rel}","templated":true}]}}